{"id":10128,"date":"2020-02-18T01:58:01","date_gmt":"2020-02-18T01:58:01","guid":{"rendered":"https:\/\/syllogos-souli.org\/?page_id=10128"},"modified":"2026-02-18T21:23:34","modified_gmt":"2026-02-18T21:23:34","slug":"taftotita-epikoinonia","status":"publish","type":"page","link":"https:\/\/syllogos-souli.org\/de\/o-syllogos\/taftotita-epikoinonia\/","title":{"rendered":"Identit\u00e4t &amp; Kontakt"},"content":{"rendered":"<div class=\"gb-container gb-container-f47e7793\"><div class=\"gb-inside-container\">\n<div class=\"gb-grid-wrapper gb-grid-wrapper-227cc786\">\n<div class=\"gb-grid-column gb-grid-column-046e4e52\"><div class=\"gb-container gb-container-046e4e52\"><div class=\"gb-inside-container\">\n\n<h4 class=\"gb-headline gb-headline-14bba21c gb-headline-text\">Identit\u00e4t<\/h4>\n\n\n<div class=\"gb-grid-wrapper gb-grid-wrapper-658af24f\">\n<div class=\"gb-grid-column gb-grid-column-4f8c4676\"><div class=\"gb-container gb-container-4f8c4676\">\n\n<h4 class=\"gb-headline gb-headline-739e4119 gb-headline-text\">ANBIETER<\/h4>\n\n\n\n<p class=\"has-small-font-size\">(im Sinne der \u00a75 TMG)<\/p>\n\n\n\n<p><strong>Souli e.V.<\/strong><br>Griechisch-Epirotischer Verein in M\u00fcnchen<br>c\/o Ioannis Chaliasos<br>Felicitas-F\u00fcss-Str. 13<br>D-81827 M\u00fcnchen<\/p>\n\n\n\n<p>Vereinsregister: VR 9863<br>Registergericht: Amtsgericht M\u00fcnchen<\/p>\n\n<\/div><\/div>\n\n<div class=\"gb-grid-column gb-grid-column-8aa69c6f\"><div class=\"gb-container gb-container-8aa69c6f\">\n\n<h4 class=\"gb-headline gb-headline-7a2d50e6 gb-headline-text\">Inhaltlich Verantwortlicher:<\/h4>\n\n\n\n<p class=\"has-small-font-size\">(gem\u00e4\u00df \u00a7 10 Absatz 3 MDStV)<\/p>\n\n\n\n<p><strong>Souli e.V.<\/strong><br>Griechisch-Epirotischer Verein in M\u00fcnchen<br>c\/o Ioannis Chaliasos<br>Felicitas-F\u00fcss-Str. 13<br>D-81827 M\u00fcnchen<\/p>\n\n\n\n<p>Webdesign &amp; Realisierung: IC Weblab<br><a href=\"https:\/\/syllogos-souli.org\/de\/media-credits\/\"><strong>Media Credits<\/strong><\/a><\/p>\n\n<\/div><\/div>\n\n<div class=\"gb-grid-column gb-grid-column-f4f5147d\"><div class=\"gb-container gb-container-f4f5147d\">\n\n<h4 class=\"gb-headline gb-headline-d06f0fdf gb-headline-text\">Kontakt<\/h4>\n\n\n\n<h4 class=\"wp-block-heading\"><strong>Telefon<\/strong><\/h4>\n\n\n\n<p>0176 8230 64 98<\/p>\n\n\n\n<h4 class=\"wp-block-heading\"><strong>Email<\/strong><\/h4>\n\n\n\n<p>info(at)syllogos-souli.org<\/p>\n\n<\/div><\/div>\n<\/div>\n<\/div><\/div><\/div>\n\n<div class=\"gb-grid-column gb-grid-column-cb795744\"><div class=\"gb-container gb-container-cb795744\"><div class=\"gb-inside-container\">\n\n<h4 class=\"gb-headline gb-headline-99c4f811 gb-headline-text\">HINWEISE<\/h4>\n\n\n\n<p><strong>Streitschlichtung<\/strong><br>Die Europ\u00e4ische Kommission stellt eine Plattform zur Online-Streitbeilegung (OS) bereit:&nbsp;<a href=\"https:\/\/ec.europa.eu\/consumers\/odr\" target=\"_blank\" rel=\"noreferrer noopener\">https:\/\/ec.europa.eu\/consumers\/odr<\/a>.<\/p>\n\n\n\n<p>Unsere E-Mail-Adresse finden Sie neben an im Impressum.<\/p>\n\n\n\n<p>Wir sind nicht bereit oder verpflichtet, an Streitbeilegungsverfahren vor einer Verbraucherschlichtungsstelle teilzunehmen.<\/p>\n\n\n\n<p><strong>Haftung f\u00fcr Inhalte<\/strong><br>Als Diensteanbieter sind wir gem\u00e4\u00df \u00a7 7 Abs.1 TMG f\u00fcr eigene Inhalte auf diesen Seiten nach den allgemeinen Gesetzen verantwortlich. Nach \u00a7\u00a7 8 bis 10 TMG sind wir als Diensteanbieter jedoch nicht verpflichtet, \u00fcbermittelte oder gespeicherte fremde Informationen zu \u00fcberwachen oder nach Umst\u00e4nden zu forschen, die auf eine rechtswidrige T\u00e4tigkeit hinweisen.<\/p>\n\n\n\n<p>Verpflichtungen zur Entfernung oder Sperrung der Nutzung von Informationen nach den allgemeinen Gesetzen bleiben hiervon unber\u00fchrt. Eine diesbez\u00fcgliche Haftung ist jedoch erst ab dem Zeitpunkt der Kenntnis einer konkreten Rechtsverletzung m\u00f6glich. Bei Bekanntwerden von entsprechenden Rechtsverletzungen werden wir diese Inhalte umgehend entfernen.<\/p>\n\n\n\n<p><strong>Urheberrecht<\/strong><br>Die durch die Seitenbetreiber erstellten Inhalte und Werke auf diesen Seiten unterliegen dem deutschen Urheberrecht.<\/p>\n\n\n\n<p>Die Vervielf\u00e4ltigung, Bearbeitung, Verbreitung und jede Art der Verwertung au\u00dferhalb der Grenzen des Urheberrechtes bed\u00fcrfen der schriftlichen Zustimmung des jeweiligen Autors bzw. Erstellers. Downloads und Kopien dieser Seite sind NICHT gestattet.<\/p>\n\n<\/div><\/div><\/div>\n<\/div>\n<\/div><\/div>","protected":false},"excerpt":{"rendered":"","protected":false},"author":1,"featured_media":11090,"parent":45,"menu_order":2,"comment_status":"closed","ping_status":"closed","template":"","meta":{"inline_featured_image":false,"footnotes":""},"class_list":["post-10128","page","type-page","status-publish","has-post-thumbnail"],"yoast_head":"<title>\u03a4\u03b1\u03c5\u03c4\u03bf\u03c4\u03b7\u03c4\u03b1 &amp; \u0395\u03c0\u03b9\u03ba\u03bf\u03b9\u03bd\u03c9\u03bd\u03b9\u03b1 | \u03a3\u039f\u03a5\u039b\u0399<\/title>\n<meta name=\"description\" content=\"\u0397\u03c0\u03b5\u03b9\u03c1\u03ce\u03c4\u03b9\u03ba\u03bf\u03c2 \u03a3\u03cd\u03bb\u03bb\u03bf\u03b3\u03bf\u03c2 \u039c\u03bf\u03bd\u03ac\u03c7\u03bf\u03c5 \u03c4\u03bf &quot;\u03a3\u03bf\u03cd\u03bb\u03b9&quot; - \u0395\u03c0\u03b9\u03ba\u03bf\u03b9\u03bd\u03c9\u03bd\u03af\u03b1 | Griechisch-Epirotischer Verein in M\u00fcnchen Souli e.V.\u00a0- Kontakt\" \/>\n<meta name=\"robots\" content=\"index, follow, max-snippet:-1, max-image-preview:large, max-video-preview:-1\" \/>\n<link rel=\"canonical\" href=\"https:\/\/syllogos-souli.org\/de\/o-syllogos\/taftotita-epikoinonia\/\" \/>\n<meta property=\"og:locale\" content=\"de_DE\" \/>\n<meta property=\"og:type\" content=\"article\" \/>\n<meta property=\"og:title\" content=\"\u03a4\u03b1\u03c5\u03c4\u03bf\u03c4\u03b7\u03c4\u03b1 &amp; \u0395\u03c0\u03b9\u03ba\u03bf\u03b9\u03bd\u03c9\u03bd\u03b9\u03b1 | \u03a3\u039f\u03a5\u039b\u0399\" \/>\n<meta property=\"og:description\" content=\"\u0397\u03c0\u03b5\u03b9\u03c1\u03ce\u03c4\u03b9\u03ba\u03bf\u03c2 \u03a3\u03cd\u03bb\u03bb\u03bf\u03b3\u03bf\u03c2 \u039c\u03bf\u03bd\u03ac\u03c7\u03bf\u03c5 \u03c4\u03bf &quot;\u03a3\u03bf\u03cd\u03bb\u03b9&quot; - \u0395\u03c0\u03b9\u03ba\u03bf\u03b9\u03bd\u03c9\u03bd\u03af\u03b1 | Griechisch-Epirotischer Verein in M\u00fcnchen Souli e.V.\u00a0- Kontakt\" \/>\n<meta property=\"og:url\" content=\"https:\/\/syllogos-souli.org\/de\/o-syllogos\/taftotita-epikoinonia\/\" \/>\n<meta property=\"og:site_name\" content=\"\u03a3\u039f\u03a5\u039b\u0399\" \/>\n<meta property=\"article:publisher\" content=\"https:\/\/www.facebook.com\/syllogos.souli\" \/>\n<meta property=\"article:modified_time\" content=\"2026-02-18T21:23:34+00:00\" \/>\n<meta property=\"og:image\" content=\"https:\/\/syllogos-souli.org\/wp-content\/uploads\/2020\/04\/ssev-taftotita-1.jpg\" \/>\n\t<meta property=\"og:image:width\" content=\"1920\" \/>\n\t<meta property=\"og:image:height\" content=\"598\" \/>\n\t<meta property=\"og:image:type\" content=\"image\/jpeg\" \/>\n<meta name=\"twitter:card\" content=\"summary_large_image\" \/>\n<meta name=\"twitter:label1\" content=\"Gesch\u00e4tzte Lesezeit\" \/>\n\t<meta name=\"twitter:data1\" content=\"2\u00a0Minuten\" \/>\n<script type=\"application\/ld+json\" class=\"yoast-schema-graph\">{\"@context\":\"https:\\\/\\\/schema.org\",\"@graph\":[{\"@type\":[\"WebPage\",\"ContactPage\"],\"@id\":\"https:\\\/\\\/syllogos-souli.org\\\/o-syllogos\\\/taftotita-epikoinonia\\\/\",\"url\":\"https:\\\/\\\/syllogos-souli.org\\\/o-syllogos\\\/taftotita-epikoinonia\\\/\",\"name\":\"\u03a4\u03b1\u03c5\u03c4\u03bf\u03c4\u03b7\u03c4\u03b1 & \u0395\u03c0\u03b9\u03ba\u03bf\u03b9\u03bd\u03c9\u03bd\u03b9\u03b1 | \u03a3\u039f\u03a5\u039b\u0399\",\"isPartOf\":{\"@id\":\"https:\\\/\\\/syllogos-souli.org\\\/#website\"},\"primaryImageOfPage\":{\"@id\":\"https:\\\/\\\/syllogos-souli.org\\\/o-syllogos\\\/taftotita-epikoinonia\\\/#primaryimage\"},\"image\":{\"@id\":\"https:\\\/\\\/syllogos-souli.org\\\/o-syllogos\\\/taftotita-epikoinonia\\\/#primaryimage\"},\"thumbnailUrl\":\"https:\\\/\\\/syllogos-souli.org\\\/wp-content\\\/uploads\\\/2020\\\/04\\\/ssev-taftotita-1.jpg\",\"datePublished\":\"2020-02-18T01:58:01+00:00\",\"dateModified\":\"2026-02-18T21:23:34+00:00\",\"description\":\"\u0397\u03c0\u03b5\u03b9\u03c1\u03ce\u03c4\u03b9\u03ba\u03bf\u03c2 \u03a3\u03cd\u03bb\u03bb\u03bf\u03b3\u03bf\u03c2 \u039c\u03bf\u03bd\u03ac\u03c7\u03bf\u03c5 \u03c4\u03bf \\\"\u03a3\u03bf\u03cd\u03bb\u03b9\\\" - \u0395\u03c0\u03b9\u03ba\u03bf\u03b9\u03bd\u03c9\u03bd\u03af\u03b1 | Griechisch-Epirotischer Verein in M\u00fcnchen Souli e.V.\u00a0- Kontakt\",\"breadcrumb\":{\"@id\":\"https:\\\/\\\/syllogos-souli.org\\\/o-syllogos\\\/taftotita-epikoinonia\\\/#breadcrumb\"},\"inLanguage\":\"de\",\"potentialAction\":[{\"@type\":\"ReadAction\",\"target\":[\"https:\\\/\\\/syllogos-souli.org\\\/o-syllogos\\\/taftotita-epikoinonia\\\/\"]}]},{\"@type\":\"ImageObject\",\"inLanguage\":\"de\",\"@id\":\"https:\\\/\\\/syllogos-souli.org\\\/o-syllogos\\\/taftotita-epikoinonia\\\/#primaryimage\",\"url\":\"https:\\\/\\\/syllogos-souli.org\\\/wp-content\\\/uploads\\\/2020\\\/04\\\/ssev-taftotita-1.jpg\",\"contentUrl\":\"https:\\\/\\\/syllogos-souli.org\\\/wp-content\\\/uploads\\\/2020\\\/04\\\/ssev-taftotita-1.jpg\",\"width\":1920,\"height\":598},{\"@type\":\"BreadcrumbList\",\"@id\":\"https:\\\/\\\/syllogos-souli.org\\\/o-syllogos\\\/taftotita-epikoinonia\\\/#breadcrumb\",\"itemListElement\":[{\"@type\":\"ListItem\",\"position\":1,\"name\":\"\u039f \u03a3\u03a5\u039b\u039b\u039f\u0393\u039f\u03a3\",\"item\":\"https:\\\/\\\/syllogos-souli.org\\\/o-syllogos\\\/\"},{\"@type\":\"ListItem\",\"position\":2,\"name\":\"\u03a4\u03b1\u03c5\u03c4\u03bf\u03c4\u03b7\u03c4\u03b1 &#038; \u0395\u03c0\u03b9\u03ba\u03bf\u03b9\u03bd\u03c9\u03bd\u03b9\u03b1\"}]},{\"@type\":\"WebSite\",\"@id\":\"https:\\\/\\\/syllogos-souli.org\\\/#website\",\"url\":\"https:\\\/\\\/syllogos-souli.org\\\/\",\"name\":\"\u03a3\u039f\u03a5\u039b\u0399\",\"description\":\"\u0397\u03c0\u03b5\u03b9\u03c1\u03ce\u03c4\u03b9\u03ba\u03bf\u03c2 \u03a3\u03cd\u03bb\u03bb\u03bf\u03b3\u03bf\u03c2 \u039c\u03bf\u03bd\u03ac\u03c7\u03bf\u03c5\",\"publisher\":{\"@id\":\"https:\\\/\\\/syllogos-souli.org\\\/#organization\"},\"alternateName\":\"\u0397\u03c0\u03b5\u03b9\u03c1\u03c9\u03c4\u03b9\u03ba\u03cc\u03c2 \u03a3\u03cd\u03bb\u03bb\u03bf\u03b3\u03bf\u03c2 \u039c\u03bf\u03bd\u03ac\u03c7\u03bf\u03c5 \u03a3\u039f\u03a5\u039b\u0399\",\"potentialAction\":[{\"@type\":\"SearchAction\",\"target\":{\"@type\":\"EntryPoint\",\"urlTemplate\":\"https:\\\/\\\/syllogos-souli.org\\\/?s={search_term_string}\"},\"query-input\":{\"@type\":\"PropertyValueSpecification\",\"valueRequired\":true,\"valueName\":\"search_term_string\"}}],\"inLanguage\":\"de\"},{\"@type\":\"Organization\",\"@id\":\"https:\\\/\\\/syllogos-souli.org\\\/#organization\",\"name\":\"\u0397\u03c0\u03b5\u03b9\u03c1\u03ce\u03c4\u03b9\u03ba\u03bf\u03c2 \u03a3\u03cd\u03bb\u03bb\u03bf\u03b3\u03bf\u03c2 \u039c\u03bf\u03bd\u03ac\u03c7\u03bf\u03c5 \u03a3\u039f\u03a5\u039b\u0399\",\"url\":\"https:\\\/\\\/syllogos-souli.org\\\/\",\"logo\":{\"@type\":\"ImageObject\",\"inLanguage\":\"de\",\"@id\":\"https:\\\/\\\/syllogos-souli.org\\\/#\\\/schema\\\/logo\\\/image\\\/\",\"url\":\"https:\\\/\\\/syllogos-souli.org\\\/wp-content\\\/uploads\\\/2022\\\/11\\\/gevs-logo-brow.svg\",\"contentUrl\":\"https:\\\/\\\/syllogos-souli.org\\\/wp-content\\\/uploads\\\/2022\\\/11\\\/gevs-logo-brow.svg\",\"caption\":\"\u0397\u03c0\u03b5\u03b9\u03c1\u03ce\u03c4\u03b9\u03ba\u03bf\u03c2 \u03a3\u03cd\u03bb\u03bb\u03bf\u03b3\u03bf\u03c2 \u039c\u03bf\u03bd\u03ac\u03c7\u03bf\u03c5 \u03a3\u039f\u03a5\u039b\u0399\"},\"image\":{\"@id\":\"https:\\\/\\\/syllogos-souli.org\\\/#\\\/schema\\\/logo\\\/image\\\/\"},\"sameAs\":[\"https:\\\/\\\/www.facebook.com\\\/syllogos.souli\"]}]}<\/script>","yoast_head_json":{"title":"\u03a4\u03b1\u03c5\u03c4\u03bf\u03c4\u03b7\u03c4\u03b1 & \u0395\u03c0\u03b9\u03ba\u03bf\u03b9\u03bd\u03c9\u03bd\u03b9\u03b1 | \u03a3\u039f\u03a5\u039b\u0399","description":"\u0397\u03c0\u03b5\u03b9\u03c1\u03ce\u03c4\u03b9\u03ba\u03bf\u03c2 \u03a3\u03cd\u03bb\u03bb\u03bf\u03b3\u03bf\u03c2 \u039c\u03bf\u03bd\u03ac\u03c7\u03bf\u03c5 \u03c4\u03bf \"\u03a3\u03bf\u03cd\u03bb\u03b9\" - \u0395\u03c0\u03b9\u03ba\u03bf\u03b9\u03bd\u03c9\u03bd\u03af\u03b1 | Griechisch-Epirotischer Verein in M\u00fcnchen Souli e.V.\u00a0- Kontakt","robots":{"index":"index","follow":"follow","max-snippet":"max-snippet:-1","max-image-preview":"max-image-preview:large","max-video-preview":"max-video-preview:-1"},"canonical":"https:\/\/syllogos-souli.org\/de\/o-syllogos\/taftotita-epikoinonia\/","og_locale":"de_DE","og_type":"article","og_title":"\u03a4\u03b1\u03c5\u03c4\u03bf\u03c4\u03b7\u03c4\u03b1 & \u0395\u03c0\u03b9\u03ba\u03bf\u03b9\u03bd\u03c9\u03bd\u03b9\u03b1 | \u03a3\u039f\u03a5\u039b\u0399","og_description":"\u0397\u03c0\u03b5\u03b9\u03c1\u03ce\u03c4\u03b9\u03ba\u03bf\u03c2 \u03a3\u03cd\u03bb\u03bb\u03bf\u03b3\u03bf\u03c2 \u039c\u03bf\u03bd\u03ac\u03c7\u03bf\u03c5 \u03c4\u03bf \"\u03a3\u03bf\u03cd\u03bb\u03b9\" - \u0395\u03c0\u03b9\u03ba\u03bf\u03b9\u03bd\u03c9\u03bd\u03af\u03b1 | Griechisch-Epirotischer Verein in M\u00fcnchen Souli e.V.\u00a0- Kontakt","og_url":"https:\/\/syllogos-souli.org\/de\/o-syllogos\/taftotita-epikoinonia\/","og_site_name":"\u03a3\u039f\u03a5\u039b\u0399","article_publisher":"https:\/\/www.facebook.com\/syllogos.souli","article_modified_time":"2026-02-18T21:23:34+00:00","og_image":[{"width":1920,"height":598,"url":"https:\/\/syllogos-souli.org\/wp-content\/uploads\/2020\/04\/ssev-taftotita-1.jpg","type":"image\/jpeg"}],"twitter_card":"summary_large_image","twitter_misc":{"Gesch\u00e4tzte Lesezeit":"2\u00a0Minuten"},"schema":{"@context":"https:\/\/schema.org","@graph":[{"@type":["WebPage","ContactPage"],"@id":"https:\/\/syllogos-souli.org\/o-syllogos\/taftotita-epikoinonia\/","url":"https:\/\/syllogos-souli.org\/o-syllogos\/taftotita-epikoinonia\/","name":"\u03a4\u03b1\u03c5\u03c4\u03bf\u03c4\u03b7\u03c4\u03b1 & \u0395\u03c0\u03b9\u03ba\u03bf\u03b9\u03bd\u03c9\u03bd\u03b9\u03b1 | \u03a3\u039f\u03a5\u039b\u0399","isPartOf":{"@id":"https:\/\/syllogos-souli.org\/#website"},"primaryImageOfPage":{"@id":"https:\/\/syllogos-souli.org\/o-syllogos\/taftotita-epikoinonia\/#primaryimage"},"image":{"@id":"https:\/\/syllogos-souli.org\/o-syllogos\/taftotita-epikoinonia\/#primaryimage"},"thumbnailUrl":"https:\/\/syllogos-souli.org\/wp-content\/uploads\/2020\/04\/ssev-taftotita-1.jpg","datePublished":"2020-02-18T01:58:01+00:00","dateModified":"2026-02-18T21:23:34+00:00","description":"\u0397\u03c0\u03b5\u03b9\u03c1\u03ce\u03c4\u03b9\u03ba\u03bf\u03c2 \u03a3\u03cd\u03bb\u03bb\u03bf\u03b3\u03bf\u03c2 \u039c\u03bf\u03bd\u03ac\u03c7\u03bf\u03c5 \u03c4\u03bf \"\u03a3\u03bf\u03cd\u03bb\u03b9\" - \u0395\u03c0\u03b9\u03ba\u03bf\u03b9\u03bd\u03c9\u03bd\u03af\u03b1 | Griechisch-Epirotischer Verein in M\u00fcnchen Souli e.V.\u00a0- Kontakt","breadcrumb":{"@id":"https:\/\/syllogos-souli.org\/o-syllogos\/taftotita-epikoinonia\/#breadcrumb"},"inLanguage":"de","potentialAction":[{"@type":"ReadAction","target":["https:\/\/syllogos-souli.org\/o-syllogos\/taftotita-epikoinonia\/"]}]},{"@type":"ImageObject","inLanguage":"de","@id":"https:\/\/syllogos-souli.org\/o-syllogos\/taftotita-epikoinonia\/#primaryimage","url":"https:\/\/syllogos-souli.org\/wp-content\/uploads\/2020\/04\/ssev-taftotita-1.jpg","contentUrl":"https:\/\/syllogos-souli.org\/wp-content\/uploads\/2020\/04\/ssev-taftotita-1.jpg","width":1920,"height":598},{"@type":"BreadcrumbList","@id":"https:\/\/syllogos-souli.org\/o-syllogos\/taftotita-epikoinonia\/#breadcrumb","itemListElement":[{"@type":"ListItem","position":1,"name":"\u039f \u03a3\u03a5\u039b\u039b\u039f\u0393\u039f\u03a3","item":"https:\/\/syllogos-souli.org\/o-syllogos\/"},{"@type":"ListItem","position":2,"name":"\u03a4\u03b1\u03c5\u03c4\u03bf\u03c4\u03b7\u03c4\u03b1 &#038; \u0395\u03c0\u03b9\u03ba\u03bf\u03b9\u03bd\u03c9\u03bd\u03b9\u03b1"}]},{"@type":"WebSite","@id":"https:\/\/syllogos-souli.org\/#website","url":"https:\/\/syllogos-souli.org\/","name":"SOULI","description":"\u0397\u03c0\u03b5\u03b9\u03c1\u03ce\u03c4\u03b9\u03ba\u03bf\u03c2 \u03a3\u03cd\u03bb\u03bb\u03bf\u03b3\u03bf\u03c2 \u039c\u03bf\u03bd\u03ac\u03c7\u03bf\u03c5","publisher":{"@id":"https:\/\/syllogos-souli.org\/#organization"},"alternateName":"\u0397\u03c0\u03b5\u03b9\u03c1\u03c9\u03c4\u03b9\u03ba\u03cc\u03c2 \u03a3\u03cd\u03bb\u03bb\u03bf\u03b3\u03bf\u03c2 \u039c\u03bf\u03bd\u03ac\u03c7\u03bf\u03c5 \u03a3\u039f\u03a5\u039b\u0399","potentialAction":[{"@type":"SearchAction","target":{"@type":"EntryPoint","urlTemplate":"https:\/\/syllogos-souli.org\/?s={search_term_string}"},"query-input":{"@type":"PropertyValueSpecification","valueRequired":true,"valueName":"search_term_string"}}],"inLanguage":"de"},{"@type":"Organization","@id":"https:\/\/syllogos-souli.org\/#organization","name":"\u0397\u03c0\u03b5\u03b9\u03c1\u03ce\u03c4\u03b9\u03ba\u03bf\u03c2 \u03a3\u03cd\u03bb\u03bb\u03bf\u03b3\u03bf\u03c2 \u039c\u03bf\u03bd\u03ac\u03c7\u03bf\u03c5 \u03a3\u039f\u03a5\u039b\u0399","url":"https:\/\/syllogos-souli.org\/","logo":{"@type":"ImageObject","inLanguage":"de","@id":"https:\/\/syllogos-souli.org\/#\/schema\/logo\/image\/","url":"https:\/\/syllogos-souli.org\/wp-content\/uploads\/2022\/11\/gevs-logo-brow.svg","contentUrl":"https:\/\/syllogos-souli.org\/wp-content\/uploads\/2022\/11\/gevs-logo-brow.svg","caption":"\u0397\u03c0\u03b5\u03b9\u03c1\u03ce\u03c4\u03b9\u03ba\u03bf\u03c2 \u03a3\u03cd\u03bb\u03bb\u03bf\u03b3\u03bf\u03c2 \u039c\u03bf\u03bd\u03ac\u03c7\u03bf\u03c5 \u03a3\u039f\u03a5\u039b\u0399"},"image":{"@id":"https:\/\/syllogos-souli.org\/#\/schema\/logo\/image\/"},"sameAs":["https:\/\/www.facebook.com\/syllogos.souli"]}]}},"_links":{"self":[{"href":"https:\/\/syllogos-souli.org\/de\/wp-json\/wp\/v2\/pages\/10128","targetHints":{"allow":["GET"]}}],"collection":[{"href":"https:\/\/syllogos-souli.org\/de\/wp-json\/wp\/v2\/pages"}],"about":[{"href":"https:\/\/syllogos-souli.org\/de\/wp-json\/wp\/v2\/types\/page"}],"author":[{"embeddable":true,"href":"https:\/\/syllogos-souli.org\/de\/wp-json\/wp\/v2\/users\/1"}],"replies":[{"embeddable":true,"href":"https:\/\/syllogos-souli.org\/de\/wp-json\/wp\/v2\/comments?post=10128"}],"version-history":[{"count":0,"href":"https:\/\/syllogos-souli.org\/de\/wp-json\/wp\/v2\/pages\/10128\/revisions"}],"up":[{"embeddable":true,"href":"https:\/\/syllogos-souli.org\/de\/wp-json\/wp\/v2\/pages\/45"}],"wp:featuredmedia":[{"embeddable":true,"href":"https:\/\/syllogos-souli.org\/de\/wp-json\/wp\/v2\/media\/11090"}],"wp:attachment":[{"href":"https:\/\/syllogos-souli.org\/de\/wp-json\/wp\/v2\/media?parent=10128"}],"curies":[{"name":"wp","href":"https:\/\/api.w.org\/{rel}","templated":true}]}}