{"id":11136,"date":"2020-04-22T21:23:13","date_gmt":"2020-04-22T21:23:13","guid":{"rendered":"https:\/\/syllogos-souli.org\/?page_id=11136"},"modified":"2025-03-20T19:54:33","modified_gmt":"2025-03-20T19:54:33","slug":"ekmathisi-ellinikis-glossas","status":"publish","type":"page","link":"https:\/\/syllogos-souli.org\/de\/meli-tou-syllogou\/ekmathisi-ellinikis-glossas\/","title":{"rendered":"Griechischkurs"},"content":{"rendered":"<div class=\"gb-container gb-container-212eb573\">\n<div class=\"gb-container gb-container-c86a9aea\">\n<div class=\"gb-grid-wrapper gb-grid-wrapper-1ace9949\">\n<div class=\"gb-grid-column gb-grid-column-bdcff916\"><div class=\"gb-container gb-container-bdcff916\">\n\n<figure class=\"wp-block-image size-full\"><img decoding=\"async\" width=\"700\" height=\"500\" loading=\"lazy\" src=\"https:\/\/syllogos-souli.org\/wp-content\/uploads\/2020\/05\/ssev-griechisch-lernen-book.png\" alt=\" \u03c4\u03bc\u03ae\u03bc\u03b1 \u03b5\u03ba\u03bc\u03ac\u03b8\u03b7\u03c3\u03b7\u03c2 \u0395\u03bb\u03bb\u03b7\u03bd\u03b9\u03ba\u03ae\u03c2 \u0393\u03bb\u03ce\u03c3\u03c3\u03b1\u03c2 \u03c4\u03bf\u03c5 \u0397\u03c0\u03b5\u03b9\u03c1\u03c9\u03c4\u03b9\u03ba\u03bf\u03cd \u03a3\u03c5\u03bb\u03bb\u03cc\u03b3\u03bf\u03c5 \u039c\u03bf\u03bd\u03ac\u03c7\u03bf\u03c5 &quot;\u03a4\u03bf \u03a3\u03bf\u03cd\u03bb\u03b9&quot;\" class=\"wp-image-11213\" srcset=\"https:\/\/syllogos-souli.org\/wp-content\/uploads\/2020\/05\/ssev-griechisch-lernen-book.png 700w, https:\/\/syllogos-souli.org\/wp-content\/uploads\/2020\/05\/ssev-griechisch-lernen-book-300x214.png 300w\" sizes=\"auto, (max-width: 700px) 100vw, 700px\" \/><\/figure>\n\n<\/div><\/div>\n\n<div class=\"gb-grid-column gb-grid-column-c1eb9b84\"><div class=\"gb-container gb-container-c1eb9b84\">\n\n<p class=\"gb-headline gb-headline-c13ee0fe gb-headline-text\">Die Sprachgruppe f\u00fcr Griechischunterricht des Epirotischen Vereins in M\u00fcnchen \"To Souli\" bietet umfassende Programme f\u00fcr deutschsprachige Teilnehmer an, die die neugriechische Sprache erlernen, verbessern oder perfektionieren m\u00f6chten. <\/p>\n\n\n\n<p class=\"gb-headline gb-headline-84a667e1 gb-headline-text\">Gleichzeitig haben die Teilnehmer die Gelegenheit, Epirus und Griechenland eingehend kennenzulernen und ihr Wissen \u00fcber die griechische Kultur und Traditionen zu erweitern.<\/p>\n\n\n\n<p class=\"gb-headline gb-headline-f996e303 gb-headline-text\">Das Programm zielt darauf ab, die griechische Sprache zu erhalten und zu verbreiten sowie die griechische kulturelle Identit\u00e4t zu st\u00e4rken. Die Teilnehmer haben die M\u00f6glichkeit, ihre eigenen Erfahrungen mit den lebendigen griechischen Traditionen zu vergleichen und dabei die Bedeutung der griechischen Sprache f\u00fcr die Gestaltung des europ\u00e4ischen und globalen Geistes zu verstehen.<\/p>\n\n\n\n<p class=\"gb-headline gb-headline-ce700338 gb-headline-text\">Der Epirotische Verein in M\u00fcnchen \"To Souli\", mit seiner reichen Geschichte seit 1979, bleibt weiterhin eine wichtige S\u00e4ule f\u00fcr die Erhaltung und F\u00f6rderung der griechischen Kultur in M\u00fcnchen.<\/p>\n\n<\/div><\/div>\n<\/div>\n\n<div class=\"gb-container gb-container-b6241305\"><\/div>\n\n<div class=\"gb-container gb-container-fe11067d\">\n<div class=\"gb-button-wrapper gb-button-wrapper-e317eca6\">\n\n<a class=\"gb-button gb-button-9b6ec44c\" href=\"https:\/\/syllogos-souli.org\/de\/meli-tou-syllogou\/\"><span class=\"gb-icon\"><svg aria-hidden=\"true\" role=\"img\" height=\"1em\" width=\"1em\" viewbox=\"0 0 256 512\" xmlns=\"http:\/\/www.w3.org\/2000\/svg\"><path fill=\"currentColor\" d=\"M31.7 239l136-136c9.4-9.4 24.6-9.4 33.9 0l22.6 22.6c9.4 9.4 9.4 24.6 0 33.9L127.9 256l96.4 96.4c9.4 9.4 9.4 24.6 0 33.9L201.7 409c-9.4 9.4-24.6 9.4-33.9 0l-136-136c-9.5-9.4-9.5-24.6-.1-34z\"><\/path><\/svg><\/span><span class=\"gb-button-text\">ANGEBOTE\u039d\u0395 DIENSTLEISTUNGEN UND AKTIVIT\u00c4TEN<\/span><\/a>\n\n<\/div>\n<\/div>\n<\/div>\n<\/div>","protected":false},"excerpt":{"rendered":"","protected":false},"author":1,"featured_media":14026,"parent":10849,"menu_order":2,"comment_status":"closed","ping_status":"closed","template":"","meta":{"inline_featured_image":false,"footnotes":""},"class_list":["post-11136","page","type-page","status-publish","has-post-thumbnail"],"yoast_head":"<title>\u0395\u03ba\u03bc\u03b1\u03b8\u03b7\u03c3\u03b7 \u0395\u03bb\u03bb\u03b7\u03bd\u03b9\u03ba\u03b7\u03c2 \u0393\u03bb\u03c9\u03c3\u03c3\u03b1\u03c2 | \u03a3\u039f\u03a5\u039b\u0399<\/title>\n<meta name=\"description\" content=\"\u03a4\u03bf \u03c4\u03bc\u03ae\u03bc\u03b1 \u03b5\u03ba\u03bc\u03ac\u03b8\u03b7\u03c3\u03b7\u03c2 \u0395\u03bb\u03bb\u03b7\u03bd\u03b9\u03ba\u03ae\u03c2 \u0393\u03bb\u03ce\u03c3\u03c3\u03b1\u03c2 \u03c4\u03bf\u03c5 \u0397\u03c0\u03b5\u03b9\u03c1\u03c9\u03c4\u03b9\u03ba\u03bf\u03cd \u03a3\u03c5\u03bb\u03bb\u03cc\u03b3\u03bf\u03c5 \u039c\u03bf\u03bd\u03ac\u03c7\u03bf\u03c5 &quot;\u03a4\u03bf \u03a3\u03bf\u03cd\u03bb\u03b9&quot; \u03c0\u03c1\u03bf\u03c3\u03c6\u03ad\u03c1\u03b5\u03b9 \u03bf\u03bb\u03bf\u03ba\u03bb\u03b7\u03c1\u03c9\u03bc\u03ad\u03bd\u03b1 \u03c0\u03c1\u03bf\u03b3\u03c1\u03ac\u03bc\u03bc\u03b1\u03c4\u03b1 \u03b3\u03b9\u03b1 \u0393\u03b5\u03c1\u03bc\u03b1\u03bd\u03cc\u03c6\u03c9\u03bd\u03bf\u03c5\u03c2 \u03c0\u03bf\u03c5...\" \/>\n<meta name=\"robots\" content=\"index, follow, max-snippet:-1, max-image-preview:large, max-video-preview:-1\" \/>\n<link rel=\"canonical\" href=\"https:\/\/syllogos-souli.org\/de\/meli-tou-syllogou\/ekmathisi-ellinikis-glossas\/\" \/>\n<meta property=\"og:locale\" content=\"de_DE\" \/>\n<meta property=\"og:type\" content=\"article\" \/>\n<meta property=\"og:title\" content=\"\u0395\u03ba\u03bc\u03b1\u03b8\u03b7\u03c3\u03b7 \u0395\u03bb\u03bb\u03b7\u03bd\u03b9\u03ba\u03b7\u03c2 \u0393\u03bb\u03c9\u03c3\u03c3\u03b1\u03c2 | \u03a3\u039f\u03a5\u039b\u0399\" \/>\n<meta property=\"og:description\" content=\"\u03a4\u03bf \u03c4\u03bc\u03ae\u03bc\u03b1 \u03b5\u03ba\u03bc\u03ac\u03b8\u03b7\u03c3\u03b7\u03c2 \u0395\u03bb\u03bb\u03b7\u03bd\u03b9\u03ba\u03ae\u03c2 \u0393\u03bb\u03ce\u03c3\u03c3\u03b1\u03c2 \u03c4\u03bf\u03c5 \u0397\u03c0\u03b5\u03b9\u03c1\u03c9\u03c4\u03b9\u03ba\u03bf\u03cd \u03a3\u03c5\u03bb\u03bb\u03cc\u03b3\u03bf\u03c5 \u039c\u03bf\u03bd\u03ac\u03c7\u03bf\u03c5 &quot;\u03a4\u03bf \u03a3\u03bf\u03cd\u03bb\u03b9&quot; \u03c0\u03c1\u03bf\u03c3\u03c6\u03ad\u03c1\u03b5\u03b9 \u03bf\u03bb\u03bf\u03ba\u03bb\u03b7\u03c1\u03c9\u03bc\u03ad\u03bd\u03b1 \u03c0\u03c1\u03bf\u03b3\u03c1\u03ac\u03bc\u03bc\u03b1\u03c4\u03b1 \u03b3\u03b9\u03b1 \u0393\u03b5\u03c1\u03bc\u03b1\u03bd\u03cc\u03c6\u03c9\u03bd\u03bf\u03c5\u03c2 \u03c0\u03bf\u03c5...\" \/>\n<meta property=\"og:url\" content=\"https:\/\/syllogos-souli.org\/de\/meli-tou-syllogou\/ekmathisi-ellinikis-glossas\/\" \/>\n<meta property=\"og:site_name\" content=\"\u03a3\u039f\u03a5\u039b\u0399\" \/>\n<meta property=\"article:publisher\" content=\"https:\/\/www.facebook.com\/syllogos.souli\" \/>\n<meta property=\"article:modified_time\" content=\"2025-03-20T19:54:33+00:00\" \/>\n<meta property=\"og:image\" content=\"https:\/\/syllogos-souli.org\/wp-content\/uploads\/2022\/10\/gevs-griechisch-lernen-2022.jpg\" \/>\n\t<meta property=\"og:image:width\" content=\"1620\" \/>\n\t<meta property=\"og:image:height\" content=\"614\" \/>\n\t<meta property=\"og:image:type\" content=\"image\/jpeg\" \/>\n<meta name=\"twitter:card\" content=\"summary_large_image\" \/>\n<meta name=\"twitter:label1\" content=\"Gesch\u00e4tzte Lesezeit\" \/>\n\t<meta name=\"twitter:data1\" content=\"3\u00a0Minuten\" \/>\n<script type=\"application\/ld+json\" class=\"yoast-schema-graph\">{\"@context\":\"https:\\\/\\\/schema.org\",\"@graph\":[{\"@type\":\"WebPage\",\"@id\":\"https:\\\/\\\/syllogos-souli.org\\\/meli-tou-syllogou\\\/ekmathisi-ellinikis-glossas\\\/\",\"url\":\"https:\\\/\\\/syllogos-souli.org\\\/meli-tou-syllogou\\\/ekmathisi-ellinikis-glossas\\\/\",\"name\":\"\u0395\u03ba\u03bc\u03b1\u03b8\u03b7\u03c3\u03b7 \u0395\u03bb\u03bb\u03b7\u03bd\u03b9\u03ba\u03b7\u03c2 \u0393\u03bb\u03c9\u03c3\u03c3\u03b1\u03c2 | \u03a3\u039f\u03a5\u039b\u0399\",\"isPartOf\":{\"@id\":\"https:\\\/\\\/syllogos-souli.org\\\/#website\"},\"primaryImageOfPage\":{\"@id\":\"https:\\\/\\\/syllogos-souli.org\\\/meli-tou-syllogou\\\/ekmathisi-ellinikis-glossas\\\/#primaryimage\"},\"image\":{\"@id\":\"https:\\\/\\\/syllogos-souli.org\\\/meli-tou-syllogou\\\/ekmathisi-ellinikis-glossas\\\/#primaryimage\"},\"thumbnailUrl\":\"https:\\\/\\\/syllogos-souli.org\\\/wp-content\\\/uploads\\\/2022\\\/10\\\/gevs-griechisch-lernen-2022.jpg\",\"datePublished\":\"2020-04-22T21:23:13+00:00\",\"dateModified\":\"2025-03-20T19:54:33+00:00\",\"description\":\"\u03a4\u03bf \u03c4\u03bc\u03ae\u03bc\u03b1 \u03b5\u03ba\u03bc\u03ac\u03b8\u03b7\u03c3\u03b7\u03c2 \u0395\u03bb\u03bb\u03b7\u03bd\u03b9\u03ba\u03ae\u03c2 \u0393\u03bb\u03ce\u03c3\u03c3\u03b1\u03c2 \u03c4\u03bf\u03c5 \u0397\u03c0\u03b5\u03b9\u03c1\u03c9\u03c4\u03b9\u03ba\u03bf\u03cd \u03a3\u03c5\u03bb\u03bb\u03cc\u03b3\u03bf\u03c5 \u039c\u03bf\u03bd\u03ac\u03c7\u03bf\u03c5 \\\"\u03a4\u03bf \u03a3\u03bf\u03cd\u03bb\u03b9\\\" \u03c0\u03c1\u03bf\u03c3\u03c6\u03ad\u03c1\u03b5\u03b9 \u03bf\u03bb\u03bf\u03ba\u03bb\u03b7\u03c1\u03c9\u03bc\u03ad\u03bd\u03b1 \u03c0\u03c1\u03bf\u03b3\u03c1\u03ac\u03bc\u03bc\u03b1\u03c4\u03b1 \u03b3\u03b9\u03b1 \u0393\u03b5\u03c1\u03bc\u03b1\u03bd\u03cc\u03c6\u03c9\u03bd\u03bf\u03c5\u03c2 \u03c0\u03bf\u03c5...\",\"breadcrumb\":{\"@id\":\"https:\\\/\\\/syllogos-souli.org\\\/meli-tou-syllogou\\\/ekmathisi-ellinikis-glossas\\\/#breadcrumb\"},\"inLanguage\":\"de\",\"potentialAction\":[{\"@type\":\"ReadAction\",\"target\":[\"https:\\\/\\\/syllogos-souli.org\\\/meli-tou-syllogou\\\/ekmathisi-ellinikis-glossas\\\/\"]}]},{\"@type\":\"ImageObject\",\"inLanguage\":\"de\",\"@id\":\"https:\\\/\\\/syllogos-souli.org\\\/meli-tou-syllogou\\\/ekmathisi-ellinikis-glossas\\\/#primaryimage\",\"url\":\"https:\\\/\\\/syllogos-souli.org\\\/wp-content\\\/uploads\\\/2022\\\/10\\\/gevs-griechisch-lernen-2022.jpg\",\"contentUrl\":\"https:\\\/\\\/syllogos-souli.org\\\/wp-content\\\/uploads\\\/2022\\\/10\\\/gevs-griechisch-lernen-2022.jpg\",\"width\":1620,\"height\":614,\"caption\":\"\u0395\u03ba\u03bc\u03ac\u03b8\u03b7\u03c3\u03b7 \u0395\u03bb\u03bb\u03b7\u03bd\u03b9\u03ba\u03ae\u03c2 \u0393\u03bb\u03ce\u03c3\u03c3\u03b1\u03c2\"},{\"@type\":\"BreadcrumbList\",\"@id\":\"https:\\\/\\\/syllogos-souli.org\\\/meli-tou-syllogou\\\/ekmathisi-ellinikis-glossas\\\/#breadcrumb\",\"itemListElement\":[{\"@type\":\"ListItem\",\"position\":1,\"name\":\"\u039c\u0395\u039b\u0397 \u03a4\u039f\u03a5 \u03a3\u03a5\u039b\u039b\u039f\u0393\u039f\u03a5\",\"item\":\"https:\\\/\\\/syllogos-souli.org\\\/meli-tou-syllogou\\\/\"},{\"@type\":\"ListItem\",\"position\":2,\"name\":\"\u0395\u03ba\u03bc\u03b1\u03b8\u03b7\u03c3\u03b7 \u0395\u03bb\u03bb\u03b7\u03bd\u03b9\u03ba\u03b7\u03c2 \u0393\u03bb\u03c9\u03c3\u03c3\u03b1\u03c2\"}]},{\"@type\":\"WebSite\",\"@id\":\"https:\\\/\\\/syllogos-souli.org\\\/#website\",\"url\":\"https:\\\/\\\/syllogos-souli.org\\\/\",\"name\":\"\u03a3\u039f\u03a5\u039b\u0399\",\"description\":\"\u0397\u03c0\u03b5\u03b9\u03c1\u03ce\u03c4\u03b9\u03ba\u03bf\u03c2 \u03a3\u03cd\u03bb\u03bb\u03bf\u03b3\u03bf\u03c2 \u039c\u03bf\u03bd\u03ac\u03c7\u03bf\u03c5\",\"publisher\":{\"@id\":\"https:\\\/\\\/syllogos-souli.org\\\/#organization\"},\"alternateName\":\"\u0397\u03c0\u03b5\u03b9\u03c1\u03c9\u03c4\u03b9\u03ba\u03cc\u03c2 \u03a3\u03cd\u03bb\u03bb\u03bf\u03b3\u03bf\u03c2 \u039c\u03bf\u03bd\u03ac\u03c7\u03bf\u03c5 \u03a3\u039f\u03a5\u039b\u0399\",\"potentialAction\":[{\"@type\":\"SearchAction\",\"target\":{\"@type\":\"EntryPoint\",\"urlTemplate\":\"https:\\\/\\\/syllogos-souli.org\\\/?s={search_term_string}\"},\"query-input\":{\"@type\":\"PropertyValueSpecification\",\"valueRequired\":true,\"valueName\":\"search_term_string\"}}],\"inLanguage\":\"de\"},{\"@type\":\"Organization\",\"@id\":\"https:\\\/\\\/syllogos-souli.org\\\/#organization\",\"name\":\"\u0397\u03c0\u03b5\u03b9\u03c1\u03ce\u03c4\u03b9\u03ba\u03bf\u03c2 \u03a3\u03cd\u03bb\u03bb\u03bf\u03b3\u03bf\u03c2 \u039c\u03bf\u03bd\u03ac\u03c7\u03bf\u03c5 \u03a3\u039f\u03a5\u039b\u0399\",\"url\":\"https:\\\/\\\/syllogos-souli.org\\\/\",\"logo\":{\"@type\":\"ImageObject\",\"inLanguage\":\"de\",\"@id\":\"https:\\\/\\\/syllogos-souli.org\\\/#\\\/schema\\\/logo\\\/image\\\/\",\"url\":\"https:\\\/\\\/syllogos-souli.org\\\/wp-content\\\/uploads\\\/2022\\\/11\\\/gevs-logo-brow.svg\",\"contentUrl\":\"https:\\\/\\\/syllogos-souli.org\\\/wp-content\\\/uploads\\\/2022\\\/11\\\/gevs-logo-brow.svg\",\"caption\":\"\u0397\u03c0\u03b5\u03b9\u03c1\u03ce\u03c4\u03b9\u03ba\u03bf\u03c2 \u03a3\u03cd\u03bb\u03bb\u03bf\u03b3\u03bf\u03c2 \u039c\u03bf\u03bd\u03ac\u03c7\u03bf\u03c5 \u03a3\u039f\u03a5\u039b\u0399\"},\"image\":{\"@id\":\"https:\\\/\\\/syllogos-souli.org\\\/#\\\/schema\\\/logo\\\/image\\\/\"},\"sameAs\":[\"https:\\\/\\\/www.facebook.com\\\/syllogos.souli\"]}]}<\/script>","yoast_head_json":{"title":"\u0395\u03ba\u03bc\u03b1\u03b8\u03b7\u03c3\u03b7 \u0395\u03bb\u03bb\u03b7\u03bd\u03b9\u03ba\u03b7\u03c2 \u0393\u03bb\u03c9\u03c3\u03c3\u03b1\u03c2 | \u03a3\u039f\u03a5\u039b\u0399","description":"\u03a4\u03bf \u03c4\u03bc\u03ae\u03bc\u03b1 \u03b5\u03ba\u03bc\u03ac\u03b8\u03b7\u03c3\u03b7\u03c2 \u0395\u03bb\u03bb\u03b7\u03bd\u03b9\u03ba\u03ae\u03c2 \u0393\u03bb\u03ce\u03c3\u03c3\u03b1\u03c2 \u03c4\u03bf\u03c5 \u0397\u03c0\u03b5\u03b9\u03c1\u03c9\u03c4\u03b9\u03ba\u03bf\u03cd \u03a3\u03c5\u03bb\u03bb\u03cc\u03b3\u03bf\u03c5 \u039c\u03bf\u03bd\u03ac\u03c7\u03bf\u03c5 \"\u03a4\u03bf \u03a3\u03bf\u03cd\u03bb\u03b9\" \u03c0\u03c1\u03bf\u03c3\u03c6\u03ad\u03c1\u03b5\u03b9 \u03bf\u03bb\u03bf\u03ba\u03bb\u03b7\u03c1\u03c9\u03bc\u03ad\u03bd\u03b1 \u03c0\u03c1\u03bf\u03b3\u03c1\u03ac\u03bc\u03bc\u03b1\u03c4\u03b1 \u03b3\u03b9\u03b1 \u0393\u03b5\u03c1\u03bc\u03b1\u03bd\u03cc\u03c6\u03c9\u03bd\u03bf\u03c5\u03c2 \u03c0\u03bf\u03c5...","robots":{"index":"index","follow":"follow","max-snippet":"max-snippet:-1","max-image-preview":"max-image-preview:large","max-video-preview":"max-video-preview:-1"},"canonical":"https:\/\/syllogos-souli.org\/de\/meli-tou-syllogou\/ekmathisi-ellinikis-glossas\/","og_locale":"de_DE","og_type":"article","og_title":"\u0395\u03ba\u03bc\u03b1\u03b8\u03b7\u03c3\u03b7 \u0395\u03bb\u03bb\u03b7\u03bd\u03b9\u03ba\u03b7\u03c2 \u0393\u03bb\u03c9\u03c3\u03c3\u03b1\u03c2 | \u03a3\u039f\u03a5\u039b\u0399","og_description":"\u03a4\u03bf \u03c4\u03bc\u03ae\u03bc\u03b1 \u03b5\u03ba\u03bc\u03ac\u03b8\u03b7\u03c3\u03b7\u03c2 \u0395\u03bb\u03bb\u03b7\u03bd\u03b9\u03ba\u03ae\u03c2 \u0393\u03bb\u03ce\u03c3\u03c3\u03b1\u03c2 \u03c4\u03bf\u03c5 \u0397\u03c0\u03b5\u03b9\u03c1\u03c9\u03c4\u03b9\u03ba\u03bf\u03cd \u03a3\u03c5\u03bb\u03bb\u03cc\u03b3\u03bf\u03c5 \u039c\u03bf\u03bd\u03ac\u03c7\u03bf\u03c5 \"\u03a4\u03bf \u03a3\u03bf\u03cd\u03bb\u03b9\" \u03c0\u03c1\u03bf\u03c3\u03c6\u03ad\u03c1\u03b5\u03b9 \u03bf\u03bb\u03bf\u03ba\u03bb\u03b7\u03c1\u03c9\u03bc\u03ad\u03bd\u03b1 \u03c0\u03c1\u03bf\u03b3\u03c1\u03ac\u03bc\u03bc\u03b1\u03c4\u03b1 \u03b3\u03b9\u03b1 \u0393\u03b5\u03c1\u03bc\u03b1\u03bd\u03cc\u03c6\u03c9\u03bd\u03bf\u03c5\u03c2 \u03c0\u03bf\u03c5...","og_url":"https:\/\/syllogos-souli.org\/de\/meli-tou-syllogou\/ekmathisi-ellinikis-glossas\/","og_site_name":"\u03a3\u039f\u03a5\u039b\u0399","article_publisher":"https:\/\/www.facebook.com\/syllogos.souli","article_modified_time":"2025-03-20T19:54:33+00:00","og_image":[{"width":1620,"height":614,"url":"https:\/\/syllogos-souli.org\/wp-content\/uploads\/2022\/10\/gevs-griechisch-lernen-2022.jpg","type":"image\/jpeg"}],"twitter_card":"summary_large_image","twitter_misc":{"Gesch\u00e4tzte Lesezeit":"3\u00a0Minuten"},"schema":{"@context":"https:\/\/schema.org","@graph":[{"@type":"WebPage","@id":"https:\/\/syllogos-souli.org\/meli-tou-syllogou\/ekmathisi-ellinikis-glossas\/","url":"https:\/\/syllogos-souli.org\/meli-tou-syllogou\/ekmathisi-ellinikis-glossas\/","name":"\u0395\u03ba\u03bc\u03b1\u03b8\u03b7\u03c3\u03b7 \u0395\u03bb\u03bb\u03b7\u03bd\u03b9\u03ba\u03b7\u03c2 \u0393\u03bb\u03c9\u03c3\u03c3\u03b1\u03c2 | \u03a3\u039f\u03a5\u039b\u0399","isPartOf":{"@id":"https:\/\/syllogos-souli.org\/#website"},"primaryImageOfPage":{"@id":"https:\/\/syllogos-souli.org\/meli-tou-syllogou\/ekmathisi-ellinikis-glossas\/#primaryimage"},"image":{"@id":"https:\/\/syllogos-souli.org\/meli-tou-syllogou\/ekmathisi-ellinikis-glossas\/#primaryimage"},"thumbnailUrl":"https:\/\/syllogos-souli.org\/wp-content\/uploads\/2022\/10\/gevs-griechisch-lernen-2022.jpg","datePublished":"2020-04-22T21:23:13+00:00","dateModified":"2025-03-20T19:54:33+00:00","description":"\u03a4\u03bf \u03c4\u03bc\u03ae\u03bc\u03b1 \u03b5\u03ba\u03bc\u03ac\u03b8\u03b7\u03c3\u03b7\u03c2 \u0395\u03bb\u03bb\u03b7\u03bd\u03b9\u03ba\u03ae\u03c2 \u0393\u03bb\u03ce\u03c3\u03c3\u03b1\u03c2 \u03c4\u03bf\u03c5 \u0397\u03c0\u03b5\u03b9\u03c1\u03c9\u03c4\u03b9\u03ba\u03bf\u03cd \u03a3\u03c5\u03bb\u03bb\u03cc\u03b3\u03bf\u03c5 \u039c\u03bf\u03bd\u03ac\u03c7\u03bf\u03c5 \"\u03a4\u03bf \u03a3\u03bf\u03cd\u03bb\u03b9\" \u03c0\u03c1\u03bf\u03c3\u03c6\u03ad\u03c1\u03b5\u03b9 \u03bf\u03bb\u03bf\u03ba\u03bb\u03b7\u03c1\u03c9\u03bc\u03ad\u03bd\u03b1 \u03c0\u03c1\u03bf\u03b3\u03c1\u03ac\u03bc\u03bc\u03b1\u03c4\u03b1 \u03b3\u03b9\u03b1 \u0393\u03b5\u03c1\u03bc\u03b1\u03bd\u03cc\u03c6\u03c9\u03bd\u03bf\u03c5\u03c2 \u03c0\u03bf\u03c5...","breadcrumb":{"@id":"https:\/\/syllogos-souli.org\/meli-tou-syllogou\/ekmathisi-ellinikis-glossas\/#breadcrumb"},"inLanguage":"de","potentialAction":[{"@type":"ReadAction","target":["https:\/\/syllogos-souli.org\/meli-tou-syllogou\/ekmathisi-ellinikis-glossas\/"]}]},{"@type":"ImageObject","inLanguage":"de","@id":"https:\/\/syllogos-souli.org\/meli-tou-syllogou\/ekmathisi-ellinikis-glossas\/#primaryimage","url":"https:\/\/syllogos-souli.org\/wp-content\/uploads\/2022\/10\/gevs-griechisch-lernen-2022.jpg","contentUrl":"https:\/\/syllogos-souli.org\/wp-content\/uploads\/2022\/10\/gevs-griechisch-lernen-2022.jpg","width":1620,"height":614,"caption":"\u0395\u03ba\u03bc\u03ac\u03b8\u03b7\u03c3\u03b7 \u0395\u03bb\u03bb\u03b7\u03bd\u03b9\u03ba\u03ae\u03c2 \u0393\u03bb\u03ce\u03c3\u03c3\u03b1\u03c2"},{"@type":"BreadcrumbList","@id":"https:\/\/syllogos-souli.org\/meli-tou-syllogou\/ekmathisi-ellinikis-glossas\/#breadcrumb","itemListElement":[{"@type":"ListItem","position":1,"name":"\u039c\u0395\u039b\u0397 \u03a4\u039f\u03a5 \u03a3\u03a5\u039b\u039b\u039f\u0393\u039f\u03a5","item":"https:\/\/syllogos-souli.org\/meli-tou-syllogou\/"},{"@type":"ListItem","position":2,"name":"\u0395\u03ba\u03bc\u03b1\u03b8\u03b7\u03c3\u03b7 \u0395\u03bb\u03bb\u03b7\u03bd\u03b9\u03ba\u03b7\u03c2 \u0393\u03bb\u03c9\u03c3\u03c3\u03b1\u03c2"}]},{"@type":"WebSite","@id":"https:\/\/syllogos-souli.org\/#website","url":"https:\/\/syllogos-souli.org\/","name":"SOULI","description":"\u0397\u03c0\u03b5\u03b9\u03c1\u03ce\u03c4\u03b9\u03ba\u03bf\u03c2 \u03a3\u03cd\u03bb\u03bb\u03bf\u03b3\u03bf\u03c2 \u039c\u03bf\u03bd\u03ac\u03c7\u03bf\u03c5","publisher":{"@id":"https:\/\/syllogos-souli.org\/#organization"},"alternateName":"\u0397\u03c0\u03b5\u03b9\u03c1\u03c9\u03c4\u03b9\u03ba\u03cc\u03c2 \u03a3\u03cd\u03bb\u03bb\u03bf\u03b3\u03bf\u03c2 \u039c\u03bf\u03bd\u03ac\u03c7\u03bf\u03c5 \u03a3\u039f\u03a5\u039b\u0399","potentialAction":[{"@type":"SearchAction","target":{"@type":"EntryPoint","urlTemplate":"https:\/\/syllogos-souli.org\/?s={search_term_string}"},"query-input":{"@type":"PropertyValueSpecification","valueRequired":true,"valueName":"search_term_string"}}],"inLanguage":"de"},{"@type":"Organization","@id":"https:\/\/syllogos-souli.org\/#organization","name":"\u0397\u03c0\u03b5\u03b9\u03c1\u03ce\u03c4\u03b9\u03ba\u03bf\u03c2 \u03a3\u03cd\u03bb\u03bb\u03bf\u03b3\u03bf\u03c2 \u039c\u03bf\u03bd\u03ac\u03c7\u03bf\u03c5 \u03a3\u039f\u03a5\u039b\u0399","url":"https:\/\/syllogos-souli.org\/","logo":{"@type":"ImageObject","inLanguage":"de","@id":"https:\/\/syllogos-souli.org\/#\/schema\/logo\/image\/","url":"https:\/\/syllogos-souli.org\/wp-content\/uploads\/2022\/11\/gevs-logo-brow.svg","contentUrl":"https:\/\/syllogos-souli.org\/wp-content\/uploads\/2022\/11\/gevs-logo-brow.svg","caption":"\u0397\u03c0\u03b5\u03b9\u03c1\u03ce\u03c4\u03b9\u03ba\u03bf\u03c2 \u03a3\u03cd\u03bb\u03bb\u03bf\u03b3\u03bf\u03c2 \u039c\u03bf\u03bd\u03ac\u03c7\u03bf\u03c5 \u03a3\u039f\u03a5\u039b\u0399"},"image":{"@id":"https:\/\/syllogos-souli.org\/#\/schema\/logo\/image\/"},"sameAs":["https:\/\/www.facebook.com\/syllogos.souli"]}]}},"_links":{"self":[{"href":"https:\/\/syllogos-souli.org\/de\/wp-json\/wp\/v2\/pages\/11136","targetHints":{"allow":["GET"]}}],"collection":[{"href":"https:\/\/syllogos-souli.org\/de\/wp-json\/wp\/v2\/pages"}],"about":[{"href":"https:\/\/syllogos-souli.org\/de\/wp-json\/wp\/v2\/types\/page"}],"author":[{"embeddable":true,"href":"https:\/\/syllogos-souli.org\/de\/wp-json\/wp\/v2\/users\/1"}],"replies":[{"embeddable":true,"href":"https:\/\/syllogos-souli.org\/de\/wp-json\/wp\/v2\/comments?post=11136"}],"version-history":[{"count":0,"href":"https:\/\/syllogos-souli.org\/de\/wp-json\/wp\/v2\/pages\/11136\/revisions"}],"up":[{"embeddable":true,"href":"https:\/\/syllogos-souli.org\/de\/wp-json\/wp\/v2\/pages\/10849"}],"wp:featuredmedia":[{"embeddable":true,"href":"https:\/\/syllogos-souli.org\/de\/wp-json\/wp\/v2\/media\/14026"}],"wp:attachment":[{"href":"https:\/\/syllogos-souli.org\/de\/wp-json\/wp\/v2\/media?parent=11136"}],"curies":[{"name":"wp","href":"https:\/\/api.w.org\/{rel}","templated":true}]}}