{"id":11928,"date":"2020-07-14T23:40:15","date_gmt":"2020-07-14T23:40:15","guid":{"rendered":"https:\/\/syllogos-souli.org\/?page_id=11928"},"modified":"2026-02-20T19:00:34","modified_gmt":"2026-02-20T19:00:34","slug":"diktyosi","status":"publish","type":"page","link":"https:\/\/syllogos-souli.org\/de\/meli-tou-syllogou\/diktyosi\/","title":{"rendered":"Networking"},"content":{"rendered":"<div class=\"gb-container gb-container-212eb573\"><div class=\"gb-inside-container\">\n<div class=\"gb-grid-wrapper gb-grid-wrapper-1ace9949\">\n<div class=\"gb-grid-column gb-grid-column-7cd73e8c\"><div class=\"gb-container gb-container-7cd73e8c\"><div class=\"gb-inside-container\">\n\n<h3 class=\"gb-headline gb-headline-fbe47bf0 gb-headline-text\">Der Epirotische Verein in M\u00fcnchen \"To Souli\" bietet seinen Mitgliedern die M\u00f6glichkeit zur horizontalen Vernetzung, indem er ihnen erlaubt, aktiv an den Vereinsaktivit\u00e4ten teilzunehmen und Kooperationen zu entwickeln.<\/h3>\n\n\n\n<p class=\"gb-headline gb-headline-0f8c438e gb-headline-text\">Die Vernetzung durch den Verein ist nicht nur eine Gelegenheit, neue Menschen kennenzulernen, sondern auch Beziehungen aufzubauen, die in verschiedenen Lebensbereichen von Nutzen sein k\u00f6nnen. <\/p>\n\n\n\n<p class=\"gb-headline gb-headline-d699f23f gb-headline-text\">Zusammenarbeit und gegenseitige Unterst\u00fctzung sind grundlegende Elemente unserer Gemeinschaft.<\/p>\n\n\n\n<h4 class=\"gb-headline gb-headline-eeaf0b13 gb-headline-text\">Was sind Netzwerke und was bringt mir die Vernetzung?<\/h4>\n\n\n\n<p class=\"gb-headline gb-headline-8d804b1e gb-headline-text\">Netzwerke sind langfristige enge Verbindungen zwischen Mitgliedern mit gemeinsamen Zielen, die zur F\u00f6rderung ihrer Interessen geschaffen werden. <\/p>\n\n\n\n<p class=\"gb-headline gb-headline-b901199f gb-headline-text\">Die Vernetzung bietet vielf\u00e4ltige Vorteile:<\/p>\n\n\n\n<h6 class=\"gb-headline gb-headline-85b7887b\"><span class=\"gb-icon\"><svg aria-hidden=\"true\" role=\"img\" height=\"1em\" width=\"1em\" viewbox=\"0 0 256 512\" xmlns=\"http:\/\/www.w3.org\/2000\/svg\"><path fill=\"currentColor\" d=\"M224.3 273l-136 136c-9.4 9.4-24.6 9.4-33.9 0l-22.6-22.6c-9.4-9.4-9.4-24.6 0-33.9l96.4-96.4-96.4-96.4c-9.4-9.4-9.4-24.6 0-33.9L54.3 103c9.4-9.4 24.6-9.4 33.9 0l136 136c9.5 9.4 9.5 24.6.1 34z\"><\/path><\/svg><\/span><span class=\"gb-headline-text\">Zusammenarbeit statt Einzelaktionen<\/span><\/h6>\n\n\n\n<h6 class=\"gb-headline gb-headline-657076fd\"><span class=\"gb-icon\"><svg aria-hidden=\"true\" role=\"img\" height=\"1em\" width=\"1em\" viewbox=\"0 0 256 512\" xmlns=\"http:\/\/www.w3.org\/2000\/svg\"><path fill=\"currentColor\" d=\"M224.3 273l-136 136c-9.4 9.4-24.6 9.4-33.9 0l-22.6-22.6c-9.4-9.4-9.4-24.6 0-33.9l96.4-96.4-96.4-96.4c-9.4-9.4-9.4-24.6 0-33.9L54.3 103c9.4-9.4 24.6-9.4 33.9 0l136 136c9.5 9.4 9.5 24.6.1 34z\"><\/path><\/svg><\/span><span class=\"gb-headline-text\">Neue Kontakte und Erweiterung des Wissens<\/span><\/h6>\n\n\n\n<h6 class=\"gb-headline gb-headline-7e322fc8\"><span class=\"gb-icon\"><svg aria-hidden=\"true\" role=\"img\" height=\"1em\" width=\"1em\" viewbox=\"0 0 256 512\" xmlns=\"http:\/\/www.w3.org\/2000\/svg\"><path fill=\"currentColor\" d=\"M224.3 273l-136 136c-9.4 9.4-24.6 9.4-33.9 0l-22.6-22.6c-9.4-9.4-9.4-24.6 0-33.9l96.4-96.4-96.4-96.4c-9.4-9.4-9.4-24.6 0-33.9L54.3 103c9.4-9.4 24.6-9.4 33.9 0l136 136c9.5 9.4 9.5 24.6.1 34z\"><\/path><\/svg><\/span><span class=\"gb-headline-text\">Austausch von Ideen und Erfahrungen<\/span><\/h6>\n\n<\/div><\/div><\/div>\n\n<div class=\"gb-grid-column gb-grid-column-9c98a0d1\"><div class=\"gb-container gb-container-9c98a0d1\"><div class=\"gb-inside-container\"><\/div><\/div><\/div>\n\n<div class=\"gb-grid-column gb-grid-column-bdcff916\"><div class=\"gb-container gb-container-bdcff916\"><div class=\"gb-inside-container\"><\/div><\/div><\/div>\n\n<div class=\"gb-grid-column gb-grid-column-c1eb9b84\"><div class=\"gb-container gb-container-c1eb9b84\"><div class=\"gb-inside-container\">\n\n<h4 class=\"gb-headline gb-headline-2c89919d gb-headline-text\">Teilnahme und Entwicklung von Netzwerken<\/h4>\n\n\n\n<p class=\"gb-headline gb-headline-9150a881 gb-headline-text\">Die Netzwerke des Epirotischen Vereins in M\u00fcnchen \"To Souli\":<\/p>\n\n\n\n<ul class=\"wp-block-list\">\n<li>Bestehen aus Mitgliedern mit gemeinsamen Zielen<\/li>\n\n\n\n<li>Sind horizontal vernetzt<\/li>\n\n\n\n<li>K\u00f6nnen \u00f6ffentliche Unterst\u00fctzungstr\u00e4ger einbeziehen<\/li>\n\n\n\n<li>Variieren in der Gr\u00f6\u00dfe<\/li>\n\n\n\n<li>Werden durch bewusste Kooperationsentscheidungen geschaffen<\/li>\n\n\n\n<li>Entwickeln sich langfristig<\/li>\n<\/ul>\n\n\n\n<p class=\"gb-headline gb-headline-ff83f1ff gb-headline-text\">Die Teilnahme an den Vereinsnetzwerken erm\u00f6glicht es den Mitgliedern, sich \u00fcber die Arbeit des Vereins zu informieren, ihre Meinungen zu \u00e4u\u00dfern und interne sowie externe Kooperationen zu entwickeln.<\/p>\n\n\n\n<p class=\"gb-headline gb-headline-d7e70b62 gb-headline-text\">Obwohl die Schaffung eines Netzwerks seinen Mitgliedern zugutekommt, garantiert es nicht automatisch die kritische Masse f\u00fcr die Schaffung externer Interessen. <\/p>\n\n\n\n<p class=\"gb-headline gb-headline-f9597942 gb-headline-text\">Es bietet jedoch einen starken Rahmen f\u00fcr die Entwicklung und F\u00f6rderung der Ziele des Vereins und seiner Mitglieder.<\/p>\n\n<\/div><\/div><\/div>\n<\/div>\n\n<div class=\"gb-container gb-container-fe11067d\">\n<div class=\"gb-button-wrapper gb-button-wrapper-e317eca6\">\n\n<a class=\"gb-button gb-button-9b6ec44c\" href=\"https:\/\/syllogos-souli.org\/de\/meli-tou-syllogou\/\"><span class=\"gb-icon\"><svg aria-hidden=\"true\" role=\"img\" height=\"1em\" width=\"1em\" viewbox=\"0 0 256 512\" xmlns=\"http:\/\/www.w3.org\/2000\/svg\"><path fill=\"currentColor\" d=\"M31.7 239l136-136c9.4-9.4 24.6-9.4 33.9 0l22.6 22.6c9.4 9.4 9.4 24.6 0 33.9L127.9 256l96.4 96.4c9.4 9.4 9.4 24.6 0 33.9L201.7 409c-9.4 9.4-24.6 9.4-33.9 0l-136-136c-9.5-9.4-9.5-24.6-.1-34z\"><\/path><\/svg><\/span><span class=\"gb-button-text\">ANGEBOTE\u039d\u0395 DIENSTLEISTUNGEN UND AKTIVIT\u00c4TEN<\/span><\/a>\n\n<\/div>\n<\/div>\n<\/div><\/div>","protected":false},"excerpt":{"rendered":"","protected":false},"author":1,"featured_media":14028,"parent":10849,"menu_order":4,"comment_status":"closed","ping_status":"closed","template":"","meta":{"inline_featured_image":false,"footnotes":""},"class_list":["post-11928","page","type-page","status-publish","has-post-thumbnail"],"yoast_head":"<title>\u0394\u03b9\u03ba\u03c4\u03c5\u03c9\u03c3\u03b7 | \u03a3\u039f\u03a5\u039b\u0399<\/title>\n<meta name=\"description\" content=\"\u039f \u0397\u03c0\u03b5\u03b9\u03c1\u03ce\u03c4\u03b9\u03ba\u03bf\u03c2 \u03a3\u03cd\u03bb\u03bb\u03bf\u03b3\u03bf\u03c2 \u039c\u03bf\u03bd\u03ac\u03c7\u03bf\u03c5 &quot;\u03a4\u03bf \u03a3\u03bf\u03cd\u03bb\u03b9&quot; \u03c0\u03c1\u03bf\u03c3\u03c6\u03ad\u03c1\u03b5\u03b9 \u03b4\u03c5\u03bd\u03b1\u03c4\u03cc\u03c4\u03b7\u03c4\u03b5\u03c2 \u03bf\u03c1\u03b9\u03b6\u03cc\u03bd\u03c4\u03b9\u03b1\u03c2 \u03b4\u03b9\u03b1\u03c3\u03cd\u03bd\u03b4\u03b5\u03c3\u03b7\u03c2.\u038c\u03bb\u03b1\u00a0 \u03c4\u03b1 \u03bc\u03ad\u03bb\u03b7 \u03ad\u03c7\u03bf\u03c5\u03bd \u03c4\u03b7\u03bd \u03b4\u03c5\u03bd\u03b1\u03c4\u03cc\u03c4\u03b7\u03c4\u03b1 \u03bd\u03b1 \u03b5\u03bd\u03b7\u03bc\u03b5\u03c1\u03ce\u03bd\u03bf\u03bd\u03c4\u03b1\u03b9 \u03b3\u03b9\u03b1 \u03c4\u03bf \u03ad\u03c1\u03b3\u03bf...\" \/>\n<meta name=\"robots\" content=\"index, follow, max-snippet:-1, max-image-preview:large, max-video-preview:-1\" \/>\n<link rel=\"canonical\" href=\"https:\/\/syllogos-souli.org\/de\/meli-tou-syllogou\/diktyosi\/\" \/>\n<meta property=\"og:locale\" content=\"de_DE\" \/>\n<meta property=\"og:type\" content=\"article\" \/>\n<meta property=\"og:title\" content=\"\u0394\u03b9\u03ba\u03c4\u03c5\u03c9\u03c3\u03b7 | \u03a3\u039f\u03a5\u039b\u0399\" \/>\n<meta property=\"og:description\" content=\"\u039f \u0397\u03c0\u03b5\u03b9\u03c1\u03ce\u03c4\u03b9\u03ba\u03bf\u03c2 \u03a3\u03cd\u03bb\u03bb\u03bf\u03b3\u03bf\u03c2 \u039c\u03bf\u03bd\u03ac\u03c7\u03bf\u03c5 &quot;\u03a4\u03bf \u03a3\u03bf\u03cd\u03bb\u03b9&quot; \u03c0\u03c1\u03bf\u03c3\u03c6\u03ad\u03c1\u03b5\u03b9 \u03b4\u03c5\u03bd\u03b1\u03c4\u03cc\u03c4\u03b7\u03c4\u03b5\u03c2 \u03bf\u03c1\u03b9\u03b6\u03cc\u03bd\u03c4\u03b9\u03b1\u03c2 \u03b4\u03b9\u03b1\u03c3\u03cd\u03bd\u03b4\u03b5\u03c3\u03b7\u03c2.\u038c\u03bb\u03b1\u00a0 \u03c4\u03b1 \u03bc\u03ad\u03bb\u03b7 \u03ad\u03c7\u03bf\u03c5\u03bd \u03c4\u03b7\u03bd \u03b4\u03c5\u03bd\u03b1\u03c4\u03cc\u03c4\u03b7\u03c4\u03b1 \u03bd\u03b1 \u03b5\u03bd\u03b7\u03bc\u03b5\u03c1\u03ce\u03bd\u03bf\u03bd\u03c4\u03b1\u03b9 \u03b3\u03b9\u03b1 \u03c4\u03bf \u03ad\u03c1\u03b3\u03bf...\" \/>\n<meta property=\"og:url\" content=\"https:\/\/syllogos-souli.org\/de\/meli-tou-syllogou\/diktyosi\/\" \/>\n<meta property=\"og:site_name\" content=\"\u03a3\u039f\u03a5\u039b\u0399\" \/>\n<meta property=\"article:publisher\" content=\"https:\/\/www.facebook.com\/syllogos.souli\" \/>\n<meta property=\"article:modified_time\" content=\"2026-02-20T19:00:34+00:00\" \/>\n<meta property=\"og:image\" content=\"https:\/\/syllogos-souli.org\/wp-content\/uploads\/2022\/10\/gevs-networking.jpg\" \/>\n\t<meta property=\"og:image:width\" content=\"1620\" \/>\n\t<meta property=\"og:image:height\" content=\"614\" \/>\n\t<meta property=\"og:image:type\" content=\"image\/jpeg\" \/>\n<meta name=\"twitter:card\" content=\"summary_large_image\" \/>\n<meta name=\"twitter:label1\" content=\"Gesch\u00e4tzte Lesezeit\" \/>\n\t<meta name=\"twitter:data1\" content=\"1\u00a0Minute\" \/>\n<script type=\"application\/ld+json\" class=\"yoast-schema-graph\">{\"@context\":\"https:\\\/\\\/schema.org\",\"@graph\":[{\"@type\":\"WebPage\",\"@id\":\"https:\\\/\\\/syllogos-souli.org\\\/meli-tou-syllogou\\\/diktyosi\\\/\",\"url\":\"https:\\\/\\\/syllogos-souli.org\\\/meli-tou-syllogou\\\/diktyosi\\\/\",\"name\":\"\u0394\u03b9\u03ba\u03c4\u03c5\u03c9\u03c3\u03b7 | \u03a3\u039f\u03a5\u039b\u0399\",\"isPartOf\":{\"@id\":\"https:\\\/\\\/syllogos-souli.org\\\/#website\"},\"primaryImageOfPage\":{\"@id\":\"https:\\\/\\\/syllogos-souli.org\\\/meli-tou-syllogou\\\/diktyosi\\\/#primaryimage\"},\"image\":{\"@id\":\"https:\\\/\\\/syllogos-souli.org\\\/meli-tou-syllogou\\\/diktyosi\\\/#primaryimage\"},\"thumbnailUrl\":\"https:\\\/\\\/syllogos-souli.org\\\/wp-content\\\/uploads\\\/2022\\\/10\\\/gevs-networking.jpg\",\"datePublished\":\"2020-07-14T23:40:15+00:00\",\"dateModified\":\"2026-02-20T19:00:34+00:00\",\"description\":\"\u039f \u0397\u03c0\u03b5\u03b9\u03c1\u03ce\u03c4\u03b9\u03ba\u03bf\u03c2 \u03a3\u03cd\u03bb\u03bb\u03bf\u03b3\u03bf\u03c2 \u039c\u03bf\u03bd\u03ac\u03c7\u03bf\u03c5 \\\"\u03a4\u03bf \u03a3\u03bf\u03cd\u03bb\u03b9\\\" \u03c0\u03c1\u03bf\u03c3\u03c6\u03ad\u03c1\u03b5\u03b9 \u03b4\u03c5\u03bd\u03b1\u03c4\u03cc\u03c4\u03b7\u03c4\u03b5\u03c2 \u03bf\u03c1\u03b9\u03b6\u03cc\u03bd\u03c4\u03b9\u03b1\u03c2 \u03b4\u03b9\u03b1\u03c3\u03cd\u03bd\u03b4\u03b5\u03c3\u03b7\u03c2.\u038c\u03bb\u03b1\u00a0 \u03c4\u03b1 \u03bc\u03ad\u03bb\u03b7 \u03ad\u03c7\u03bf\u03c5\u03bd \u03c4\u03b7\u03bd \u03b4\u03c5\u03bd\u03b1\u03c4\u03cc\u03c4\u03b7\u03c4\u03b1 \u03bd\u03b1 \u03b5\u03bd\u03b7\u03bc\u03b5\u03c1\u03ce\u03bd\u03bf\u03bd\u03c4\u03b1\u03b9 \u03b3\u03b9\u03b1 \u03c4\u03bf \u03ad\u03c1\u03b3\u03bf...\",\"breadcrumb\":{\"@id\":\"https:\\\/\\\/syllogos-souli.org\\\/meli-tou-syllogou\\\/diktyosi\\\/#breadcrumb\"},\"inLanguage\":\"de\",\"potentialAction\":[{\"@type\":\"ReadAction\",\"target\":[\"https:\\\/\\\/syllogos-souli.org\\\/meli-tou-syllogou\\\/diktyosi\\\/\"]}]},{\"@type\":\"ImageObject\",\"inLanguage\":\"de\",\"@id\":\"https:\\\/\\\/syllogos-souli.org\\\/meli-tou-syllogou\\\/diktyosi\\\/#primaryimage\",\"url\":\"https:\\\/\\\/syllogos-souli.org\\\/wp-content\\\/uploads\\\/2022\\\/10\\\/gevs-networking.jpg\",\"contentUrl\":\"https:\\\/\\\/syllogos-souli.org\\\/wp-content\\\/uploads\\\/2022\\\/10\\\/gevs-networking.jpg\",\"width\":1620,\"height\":614,\"caption\":\"\u0394\u03b9\u03ba\u03c4\u03cd\u03c9\u03c3\u03b7\"},{\"@type\":\"BreadcrumbList\",\"@id\":\"https:\\\/\\\/syllogos-souli.org\\\/meli-tou-syllogou\\\/diktyosi\\\/#breadcrumb\",\"itemListElement\":[{\"@type\":\"ListItem\",\"position\":1,\"name\":\"\u039c\u0395\u039b\u0397 \u03a4\u039f\u03a5 \u03a3\u03a5\u039b\u039b\u039f\u0393\u039f\u03a5\",\"item\":\"https:\\\/\\\/syllogos-souli.org\\\/meli-tou-syllogou\\\/\"},{\"@type\":\"ListItem\",\"position\":2,\"name\":\"\u0394\u03b9\u03ba\u03c4\u03c5\u03c9\u03c3\u03b7\"}]},{\"@type\":\"WebSite\",\"@id\":\"https:\\\/\\\/syllogos-souli.org\\\/#website\",\"url\":\"https:\\\/\\\/syllogos-souli.org\\\/\",\"name\":\"\u03a3\u039f\u03a5\u039b\u0399\",\"description\":\"\u0397\u03c0\u03b5\u03b9\u03c1\u03ce\u03c4\u03b9\u03ba\u03bf\u03c2 \u03a3\u03cd\u03bb\u03bb\u03bf\u03b3\u03bf\u03c2 \u039c\u03bf\u03bd\u03ac\u03c7\u03bf\u03c5\",\"publisher\":{\"@id\":\"https:\\\/\\\/syllogos-souli.org\\\/#organization\"},\"alternateName\":\"\u0397\u03c0\u03b5\u03b9\u03c1\u03c9\u03c4\u03b9\u03ba\u03cc\u03c2 \u03a3\u03cd\u03bb\u03bb\u03bf\u03b3\u03bf\u03c2 \u039c\u03bf\u03bd\u03ac\u03c7\u03bf\u03c5 \u03a3\u039f\u03a5\u039b\u0399\",\"potentialAction\":[{\"@type\":\"SearchAction\",\"target\":{\"@type\":\"EntryPoint\",\"urlTemplate\":\"https:\\\/\\\/syllogos-souli.org\\\/?s={search_term_string}\"},\"query-input\":{\"@type\":\"PropertyValueSpecification\",\"valueRequired\":true,\"valueName\":\"search_term_string\"}}],\"inLanguage\":\"de\"},{\"@type\":\"Organization\",\"@id\":\"https:\\\/\\\/syllogos-souli.org\\\/#organization\",\"name\":\"\u0397\u03c0\u03b5\u03b9\u03c1\u03ce\u03c4\u03b9\u03ba\u03bf\u03c2 \u03a3\u03cd\u03bb\u03bb\u03bf\u03b3\u03bf\u03c2 \u039c\u03bf\u03bd\u03ac\u03c7\u03bf\u03c5 \u03a3\u039f\u03a5\u039b\u0399\",\"url\":\"https:\\\/\\\/syllogos-souli.org\\\/\",\"logo\":{\"@type\":\"ImageObject\",\"inLanguage\":\"de\",\"@id\":\"https:\\\/\\\/syllogos-souli.org\\\/#\\\/schema\\\/logo\\\/image\\\/\",\"url\":\"https:\\\/\\\/syllogos-souli.org\\\/wp-content\\\/uploads\\\/2022\\\/11\\\/gevs-logo-brow.svg\",\"contentUrl\":\"https:\\\/\\\/syllogos-souli.org\\\/wp-content\\\/uploads\\\/2022\\\/11\\\/gevs-logo-brow.svg\",\"caption\":\"\u0397\u03c0\u03b5\u03b9\u03c1\u03ce\u03c4\u03b9\u03ba\u03bf\u03c2 \u03a3\u03cd\u03bb\u03bb\u03bf\u03b3\u03bf\u03c2 \u039c\u03bf\u03bd\u03ac\u03c7\u03bf\u03c5 \u03a3\u039f\u03a5\u039b\u0399\"},\"image\":{\"@id\":\"https:\\\/\\\/syllogos-souli.org\\\/#\\\/schema\\\/logo\\\/image\\\/\"},\"sameAs\":[\"https:\\\/\\\/www.facebook.com\\\/syllogos.souli\"]}]}<\/script>","yoast_head_json":{"title":"\u0394\u03b9\u03ba\u03c4\u03c5\u03c9\u03c3\u03b7 | \u03a3\u039f\u03a5\u039b\u0399","description":"\u039f \u0397\u03c0\u03b5\u03b9\u03c1\u03ce\u03c4\u03b9\u03ba\u03bf\u03c2 \u03a3\u03cd\u03bb\u03bb\u03bf\u03b3\u03bf\u03c2 \u039c\u03bf\u03bd\u03ac\u03c7\u03bf\u03c5 \"\u03a4\u03bf \u03a3\u03bf\u03cd\u03bb\u03b9\" \u03c0\u03c1\u03bf\u03c3\u03c6\u03ad\u03c1\u03b5\u03b9 \u03b4\u03c5\u03bd\u03b1\u03c4\u03cc\u03c4\u03b7\u03c4\u03b5\u03c2 \u03bf\u03c1\u03b9\u03b6\u03cc\u03bd\u03c4\u03b9\u03b1\u03c2 \u03b4\u03b9\u03b1\u03c3\u03cd\u03bd\u03b4\u03b5\u03c3\u03b7\u03c2.\u038c\u03bb\u03b1\u00a0 \u03c4\u03b1 \u03bc\u03ad\u03bb\u03b7 \u03ad\u03c7\u03bf\u03c5\u03bd \u03c4\u03b7\u03bd \u03b4\u03c5\u03bd\u03b1\u03c4\u03cc\u03c4\u03b7\u03c4\u03b1 \u03bd\u03b1 \u03b5\u03bd\u03b7\u03bc\u03b5\u03c1\u03ce\u03bd\u03bf\u03bd\u03c4\u03b1\u03b9 \u03b3\u03b9\u03b1 \u03c4\u03bf \u03ad\u03c1\u03b3\u03bf...","robots":{"index":"index","follow":"follow","max-snippet":"max-snippet:-1","max-image-preview":"max-image-preview:large","max-video-preview":"max-video-preview:-1"},"canonical":"https:\/\/syllogos-souli.org\/de\/meli-tou-syllogou\/diktyosi\/","og_locale":"de_DE","og_type":"article","og_title":"\u0394\u03b9\u03ba\u03c4\u03c5\u03c9\u03c3\u03b7 | \u03a3\u039f\u03a5\u039b\u0399","og_description":"\u039f \u0397\u03c0\u03b5\u03b9\u03c1\u03ce\u03c4\u03b9\u03ba\u03bf\u03c2 \u03a3\u03cd\u03bb\u03bb\u03bf\u03b3\u03bf\u03c2 \u039c\u03bf\u03bd\u03ac\u03c7\u03bf\u03c5 \"\u03a4\u03bf \u03a3\u03bf\u03cd\u03bb\u03b9\" \u03c0\u03c1\u03bf\u03c3\u03c6\u03ad\u03c1\u03b5\u03b9 \u03b4\u03c5\u03bd\u03b1\u03c4\u03cc\u03c4\u03b7\u03c4\u03b5\u03c2 \u03bf\u03c1\u03b9\u03b6\u03cc\u03bd\u03c4\u03b9\u03b1\u03c2 \u03b4\u03b9\u03b1\u03c3\u03cd\u03bd\u03b4\u03b5\u03c3\u03b7\u03c2.\u038c\u03bb\u03b1\u00a0 \u03c4\u03b1 \u03bc\u03ad\u03bb\u03b7 \u03ad\u03c7\u03bf\u03c5\u03bd \u03c4\u03b7\u03bd \u03b4\u03c5\u03bd\u03b1\u03c4\u03cc\u03c4\u03b7\u03c4\u03b1 \u03bd\u03b1 \u03b5\u03bd\u03b7\u03bc\u03b5\u03c1\u03ce\u03bd\u03bf\u03bd\u03c4\u03b1\u03b9 \u03b3\u03b9\u03b1 \u03c4\u03bf \u03ad\u03c1\u03b3\u03bf...","og_url":"https:\/\/syllogos-souli.org\/de\/meli-tou-syllogou\/diktyosi\/","og_site_name":"\u03a3\u039f\u03a5\u039b\u0399","article_publisher":"https:\/\/www.facebook.com\/syllogos.souli","article_modified_time":"2026-02-20T19:00:34+00:00","og_image":[{"width":1620,"height":614,"url":"https:\/\/syllogos-souli.org\/wp-content\/uploads\/2022\/10\/gevs-networking.jpg","type":"image\/jpeg"}],"twitter_card":"summary_large_image","twitter_misc":{"Gesch\u00e4tzte Lesezeit":"1\u00a0Minute"},"schema":{"@context":"https:\/\/schema.org","@graph":[{"@type":"WebPage","@id":"https:\/\/syllogos-souli.org\/meli-tou-syllogou\/diktyosi\/","url":"https:\/\/syllogos-souli.org\/meli-tou-syllogou\/diktyosi\/","name":"\u0394\u03b9\u03ba\u03c4\u03c5\u03c9\u03c3\u03b7 | \u03a3\u039f\u03a5\u039b\u0399","isPartOf":{"@id":"https:\/\/syllogos-souli.org\/#website"},"primaryImageOfPage":{"@id":"https:\/\/syllogos-souli.org\/meli-tou-syllogou\/diktyosi\/#primaryimage"},"image":{"@id":"https:\/\/syllogos-souli.org\/meli-tou-syllogou\/diktyosi\/#primaryimage"},"thumbnailUrl":"https:\/\/syllogos-souli.org\/wp-content\/uploads\/2022\/10\/gevs-networking.jpg","datePublished":"2020-07-14T23:40:15+00:00","dateModified":"2026-02-20T19:00:34+00:00","description":"\u039f \u0397\u03c0\u03b5\u03b9\u03c1\u03ce\u03c4\u03b9\u03ba\u03bf\u03c2 \u03a3\u03cd\u03bb\u03bb\u03bf\u03b3\u03bf\u03c2 \u039c\u03bf\u03bd\u03ac\u03c7\u03bf\u03c5 \"\u03a4\u03bf \u03a3\u03bf\u03cd\u03bb\u03b9\" \u03c0\u03c1\u03bf\u03c3\u03c6\u03ad\u03c1\u03b5\u03b9 \u03b4\u03c5\u03bd\u03b1\u03c4\u03cc\u03c4\u03b7\u03c4\u03b5\u03c2 \u03bf\u03c1\u03b9\u03b6\u03cc\u03bd\u03c4\u03b9\u03b1\u03c2 \u03b4\u03b9\u03b1\u03c3\u03cd\u03bd\u03b4\u03b5\u03c3\u03b7\u03c2.\u038c\u03bb\u03b1\u00a0 \u03c4\u03b1 \u03bc\u03ad\u03bb\u03b7 \u03ad\u03c7\u03bf\u03c5\u03bd \u03c4\u03b7\u03bd \u03b4\u03c5\u03bd\u03b1\u03c4\u03cc\u03c4\u03b7\u03c4\u03b1 \u03bd\u03b1 \u03b5\u03bd\u03b7\u03bc\u03b5\u03c1\u03ce\u03bd\u03bf\u03bd\u03c4\u03b1\u03b9 \u03b3\u03b9\u03b1 \u03c4\u03bf \u03ad\u03c1\u03b3\u03bf...","breadcrumb":{"@id":"https:\/\/syllogos-souli.org\/meli-tou-syllogou\/diktyosi\/#breadcrumb"},"inLanguage":"de","potentialAction":[{"@type":"ReadAction","target":["https:\/\/syllogos-souli.org\/meli-tou-syllogou\/diktyosi\/"]}]},{"@type":"ImageObject","inLanguage":"de","@id":"https:\/\/syllogos-souli.org\/meli-tou-syllogou\/diktyosi\/#primaryimage","url":"https:\/\/syllogos-souli.org\/wp-content\/uploads\/2022\/10\/gevs-networking.jpg","contentUrl":"https:\/\/syllogos-souli.org\/wp-content\/uploads\/2022\/10\/gevs-networking.jpg","width":1620,"height":614,"caption":"\u0394\u03b9\u03ba\u03c4\u03cd\u03c9\u03c3\u03b7"},{"@type":"BreadcrumbList","@id":"https:\/\/syllogos-souli.org\/meli-tou-syllogou\/diktyosi\/#breadcrumb","itemListElement":[{"@type":"ListItem","position":1,"name":"\u039c\u0395\u039b\u0397 \u03a4\u039f\u03a5 \u03a3\u03a5\u039b\u039b\u039f\u0393\u039f\u03a5","item":"https:\/\/syllogos-souli.org\/meli-tou-syllogou\/"},{"@type":"ListItem","position":2,"name":"\u0394\u03b9\u03ba\u03c4\u03c5\u03c9\u03c3\u03b7"}]},{"@type":"WebSite","@id":"https:\/\/syllogos-souli.org\/#website","url":"https:\/\/syllogos-souli.org\/","name":"SOULI","description":"\u0397\u03c0\u03b5\u03b9\u03c1\u03ce\u03c4\u03b9\u03ba\u03bf\u03c2 \u03a3\u03cd\u03bb\u03bb\u03bf\u03b3\u03bf\u03c2 \u039c\u03bf\u03bd\u03ac\u03c7\u03bf\u03c5","publisher":{"@id":"https:\/\/syllogos-souli.org\/#organization"},"alternateName":"\u0397\u03c0\u03b5\u03b9\u03c1\u03c9\u03c4\u03b9\u03ba\u03cc\u03c2 \u03a3\u03cd\u03bb\u03bb\u03bf\u03b3\u03bf\u03c2 \u039c\u03bf\u03bd\u03ac\u03c7\u03bf\u03c5 \u03a3\u039f\u03a5\u039b\u0399","potentialAction":[{"@type":"SearchAction","target":{"@type":"EntryPoint","urlTemplate":"https:\/\/syllogos-souli.org\/?s={search_term_string}"},"query-input":{"@type":"PropertyValueSpecification","valueRequired":true,"valueName":"search_term_string"}}],"inLanguage":"de"},{"@type":"Organization","@id":"https:\/\/syllogos-souli.org\/#organization","name":"\u0397\u03c0\u03b5\u03b9\u03c1\u03ce\u03c4\u03b9\u03ba\u03bf\u03c2 \u03a3\u03cd\u03bb\u03bb\u03bf\u03b3\u03bf\u03c2 \u039c\u03bf\u03bd\u03ac\u03c7\u03bf\u03c5 \u03a3\u039f\u03a5\u039b\u0399","url":"https:\/\/syllogos-souli.org\/","logo":{"@type":"ImageObject","inLanguage":"de","@id":"https:\/\/syllogos-souli.org\/#\/schema\/logo\/image\/","url":"https:\/\/syllogos-souli.org\/wp-content\/uploads\/2022\/11\/gevs-logo-brow.svg","contentUrl":"https:\/\/syllogos-souli.org\/wp-content\/uploads\/2022\/11\/gevs-logo-brow.svg","caption":"\u0397\u03c0\u03b5\u03b9\u03c1\u03ce\u03c4\u03b9\u03ba\u03bf\u03c2 \u03a3\u03cd\u03bb\u03bb\u03bf\u03b3\u03bf\u03c2 \u039c\u03bf\u03bd\u03ac\u03c7\u03bf\u03c5 \u03a3\u039f\u03a5\u039b\u0399"},"image":{"@id":"https:\/\/syllogos-souli.org\/#\/schema\/logo\/image\/"},"sameAs":["https:\/\/www.facebook.com\/syllogos.souli"]}]}},"_links":{"self":[{"href":"https:\/\/syllogos-souli.org\/de\/wp-json\/wp\/v2\/pages\/11928","targetHints":{"allow":["GET"]}}],"collection":[{"href":"https:\/\/syllogos-souli.org\/de\/wp-json\/wp\/v2\/pages"}],"about":[{"href":"https:\/\/syllogos-souli.org\/de\/wp-json\/wp\/v2\/types\/page"}],"author":[{"embeddable":true,"href":"https:\/\/syllogos-souli.org\/de\/wp-json\/wp\/v2\/users\/1"}],"replies":[{"embeddable":true,"href":"https:\/\/syllogos-souli.org\/de\/wp-json\/wp\/v2\/comments?post=11928"}],"version-history":[{"count":0,"href":"https:\/\/syllogos-souli.org\/de\/wp-json\/wp\/v2\/pages\/11928\/revisions"}],"up":[{"embeddable":true,"href":"https:\/\/syllogos-souli.org\/de\/wp-json\/wp\/v2\/pages\/10849"}],"wp:featuredmedia":[{"embeddable":true,"href":"https:\/\/syllogos-souli.org\/de\/wp-json\/wp\/v2\/media\/14028"}],"wp:attachment":[{"href":"https:\/\/syllogos-souli.org\/de\/wp-json\/wp\/v2\/media?parent=11928"}],"curies":[{"name":"wp","href":"https:\/\/api.w.org\/{rel}","templated":true}]}}