{"id":14703,"date":"2022-12-27T02:03:57","date_gmt":"2022-12-27T02:03:57","guid":{"rendered":"https:\/\/syllogos-souli.org\/?page_id=14703"},"modified":"2025-03-31T23:58:53","modified_gmt":"2025-03-31T23:58:53","slug":"dimiourgiko-ergastiri","status":"publish","type":"page","link":"https:\/\/syllogos-souli.org\/de\/meli-tou-syllogou\/dimiourgiko-ergastiri\/","title":{"rendered":"Kreativworkshop"},"content":{"rendered":"<div class=\"gb-container gb-container-212eb573\"><div class=\"gb-inside-container\">\n<div class=\"gb-grid-wrapper gb-grid-wrapper-1ace9949\">\n<div class=\"gb-grid-column gb-grid-column-7cd73e8c\"><div class=\"gb-container gb-container-7cd73e8c\"><div class=\"gb-inside-container\">\n\n<h3 class=\"gb-headline gb-headline-fbe47bf0 gb-headline-text\">Der Kreativworkshop des Epirotischen Vereins in M\u00fcnchen \"To Souli\" richtet sich an Kinder ab 4 Jahren und bietet ihnen einzigartige M\u00f6glichkeiten, die Welt der Kreativit\u00e4t und des M\u00e4rchens zu erforschen. <\/h3>\n\n\n\n<p class=\"gb-headline gb-headline-1fa9cb2c gb-headline-text\">Durch vielf\u00e4ltige Aktivit\u00e4ten entwickeln die Kinder ihre kognitiven, kommunikativen und expressiven F\u00e4higkeiten, w\u00e4hrend sie gleichzeitig ihre \u00e4sthetische Erziehung und k\u00fcnstlerische Bildung f\u00f6rdern.<\/p>\n\n\n\n<h4 class=\"wp-block-heading\">Ziele des Workshops<\/h4>\n\n\n\n<p class=\"gb-headline gb-headline-d448ce5a gb-headline-text\">Mit Fokus auf Kunst, Kreativit\u00e4t und Interaktion zielt der Workshop darauf ab:<\/p>\n\n\n\n<ul class=\"wp-block-list\">\n<li>Die Fantasie und Kreativit\u00e4t der Kinder zu st\u00e4rken.<\/li>\n\n\n\n<li>Zur vielseitigen Entwicklung ihrer F\u00e4higkeiten beizutragen.<\/li>\n\n\n\n<li>Eine Umgebung zu bieten, die Zusammenarbeit und Ausdruck f\u00f6rdert.<\/li>\n<\/ul>\n\n<\/div><\/div><\/div>\n\n<div class=\"gb-grid-column gb-grid-column-9c98a0d1\"><div class=\"gb-container gb-container-9c98a0d1\"><div class=\"gb-inside-container\">\n\n<figure class=\"gb-block-image gb-block-image-cc773e52\"><img decoding=\"async\" width=\"900\" height=\"600\" class=\"gb-image gb-image-cc773e52\" loading=\"lazy\" src=\"https:\/\/syllogos-souli.org\/wp-content\/uploads\/2025\/03\/gevs-dimiourgiko-ergastiri-as.webp\" alt=\"\u0394\u03b7\u03bc\u03b9\u03bf\u03c5\u03c1\u03b3\u03b9\u03ba\u03cc \u0395\u03c1\u03b3\u03b1\u03c3\u03c4\u03ae\u03c1\u03b9 \u03c4\u03bf\u03c5 \u0397\u03c0\u03b5\u03b9\u03c1\u03c9\u03c4\u03b9\u03ba\u03bf\u03cd \u03a3\u03c5\u03bb\u03bb\u03cc\u03b3\u03bf\u03c5 \u039c\u03bf\u03bd\u03ac\u03c7\u03bf\u03c5 &quot;\u03a4\u03bf \u03a3\u03bf\u03cd\u03bb\u03b9&quot;\" title=\"\u0394\u03b7\u03bc\u03b9\u03bf\u03c5\u03c1\u03b3\u03b9\u03ba\u03cc \u0395\u03c1\u03b3\u03b1\u03c3\u03c4\u03ae\u03c1\u03b9 \u03c4\u03bf\u03c5 \u0397\u03c0\u03b5\u03b9\u03c1\u03c9\u03c4\u03b9\u03ba\u03bf\u03cd \u03a3\u03c5\u03bb\u03bb\u03cc\u03b3\u03bf\u03c5 \u039c\u03bf\u03bd\u03ac\u03c7\u03bf\u03c5 &quot;\u03a4\u03bf \u03a3\u03bf\u03cd\u03bb\u03b9&quot;\" srcset=\"https:\/\/syllogos-souli.org\/wp-content\/uploads\/2025\/03\/gevs-dimiourgiko-ergastiri-as.webp 900w, https:\/\/syllogos-souli.org\/wp-content\/uploads\/2025\/03\/gevs-dimiourgiko-ergastiri-as-300x200.webp 300w, https:\/\/syllogos-souli.org\/wp-content\/uploads\/2025\/03\/gevs-dimiourgiko-ergastiri-as-768x512.webp 768w, https:\/\/syllogos-souli.org\/wp-content\/uploads\/2025\/03\/gevs-dimiourgiko-ergastiri-as-18x12.webp 18w\" sizes=\"auto, (max-width: 900px) 100vw, 900px\" \/><\/figure>\n\n<\/div><\/div><\/div>\n\n<div class=\"gb-grid-column gb-grid-column-3e1ac85e\"><div class=\"gb-container gb-container-3e1ac85e\"><div class=\"gb-inside-container\">\n\n<figure class=\"gb-block-image gb-block-image-ece10aea\"><img decoding=\"async\" width=\"900\" height=\"600\" class=\"gb-image gb-image-ece10aea\" loading=\"lazy\" src=\"https:\/\/syllogos-souli.org\/wp-content\/uploads\/2025\/03\/gevs-dimiourgiko-ergastiri-as-1.webp\" alt=\"\u0394\u03b7\u03bc\u03b9\u03bf\u03c5\u03c1\u03b3\u03b9\u03ba\u03cc \u0395\u03c1\u03b3\u03b1\u03c3\u03c4\u03ae\u03c1\u03b9 \u03c4\u03bf\u03c5 \u0397\u03c0\u03b5\u03b9\u03c1\u03c9\u03c4\u03b9\u03ba\u03bf\u03cd \u03a3\u03c5\u03bb\u03bb\u03cc\u03b3\u03bf\u03c5 \u039c\u03bf\u03bd\u03ac\u03c7\u03bf\u03c5 &quot;\u03a4\u03bf \u03a3\u03bf\u03cd\u03bb\u03b9&quot;\" title=\"\u0394\u03b7\u03bc\u03b9\u03bf\u03c5\u03c1\u03b3\u03b9\u03ba\u03cc \u0395\u03c1\u03b3\u03b1\u03c3\u03c4\u03ae\u03c1\u03b9 \u03c4\u03bf\u03c5 \u0397\u03c0\u03b5\u03b9\u03c1\u03c9\u03c4\u03b9\u03ba\u03bf\u03cd \u03a3\u03c5\u03bb\u03bb\u03cc\u03b3\u03bf\u03c5 \u039c\u03bf\u03bd\u03ac\u03c7\u03bf\u03c5 &quot;\u03a4\u03bf \u03a3\u03bf\u03cd\u03bb\u03b9&quot;\" srcset=\"https:\/\/syllogos-souli.org\/wp-content\/uploads\/2025\/03\/gevs-dimiourgiko-ergastiri-as-1.webp 900w, https:\/\/syllogos-souli.org\/wp-content\/uploads\/2025\/03\/gevs-dimiourgiko-ergastiri-as-1-300x200.webp 300w, https:\/\/syllogos-souli.org\/wp-content\/uploads\/2025\/03\/gevs-dimiourgiko-ergastiri-as-1-768x512.webp 768w, https:\/\/syllogos-souli.org\/wp-content\/uploads\/2025\/03\/gevs-dimiourgiko-ergastiri-as-1-18x12.webp 18w\" sizes=\"auto, (max-width: 900px) 100vw, 900px\" \/><\/figure>\n\n<\/div><\/div><\/div>\n\n<div class=\"gb-grid-column gb-grid-column-33900200\"><div class=\"gb-container gb-container-33900200\"><div class=\"gb-inside-container\">\n\n<h4 class=\"wp-block-heading\">Thematische Einheiten des Workshops<\/h4>\n\n\n\n<p class=\"gb-headline gb-headline-700c33af gb-headline-text\">Die Kinder k\u00f6nnen eine oder mehrere der folgenden Aktivit\u00e4ten w\u00e4hlen:<\/p>\n\n\n\n<ul class=\"wp-block-list\">\n<li class=\"translation-block\"><strong>Handarbeiten:<\/strong> Kreationen mit saisonalen Themen und verschiedenen Maltechniken.<\/li>\n\n\n\n<li class=\"translation-block\"><strong>Dekoration:<\/strong> Herstellung origineller Taschen f\u00fcr M\u00e4dchen und H\u00fcte f\u00fcr Jungen.<\/li>\n\n\n\n<li class=\"translation-block\"><strong>G\u00e4rtnern:<\/strong> Bemalen oder Dekorieren von Blument\u00f6pfen und Pflanzen von Blumen.<\/li>\n\n\n\n<li class=\"translation-block\"><strong>Interaktive M\u00e4rchen:<\/strong> Erstellung von M\u00e4rchen durch Bilder, W\u00f6rter, Musik und Ger\u00e4usche, unter Verwendung verschiedener Techniken.<\/li>\n<\/ul>\n\n\n\n<p class=\"gb-headline gb-headline-05324805 gb-headline-text\">Der Kreativworkshop des Epirotischen Vereins in M\u00fcnchen \"To Souli\" bietet Kindern eine einzigartige Gelegenheit, neue Ausdrucksformen zu entdecken, Spa\u00df zu haben und durch die Kraft der Kunst zu lernen.<\/p>\n\n<\/div><\/div><\/div>\n<\/div>\n\n<div class=\"gb-container gb-container-fe11067d\">\n<div class=\"gb-button-wrapper gb-button-wrapper-e317eca6\">\n\n<a class=\"gb-button gb-button-9b6ec44c\" href=\"https:\/\/syllogos-souli.org\/de\/meli-tou-syllogou\/\"><span class=\"gb-icon\"><svg aria-hidden=\"true\" role=\"img\" height=\"1em\" width=\"1em\" viewbox=\"0 0 256 512\" xmlns=\"http:\/\/www.w3.org\/2000\/svg\"><path fill=\"currentColor\" d=\"M31.7 239l136-136c9.4-9.4 24.6-9.4 33.9 0l22.6 22.6c9.4 9.4 9.4 24.6 0 33.9L127.9 256l96.4 96.4c9.4 9.4 9.4 24.6 0 33.9L201.7 409c-9.4 9.4-24.6 9.4-33.9 0l-136-136c-9.5-9.4-9.5-24.6-.1-34z\"><\/path><\/svg><\/span><span class=\"gb-button-text\">ANGEBOTE\u039d\u0395 DIENSTLEISTUNGEN UND AKTIVIT\u00c4TEN<\/span><\/a>\n\n<\/div>\n<\/div>\n<\/div><\/div>","protected":false},"excerpt":{"rendered":"","protected":false},"author":25,"featured_media":14731,"parent":10849,"menu_order":3,"comment_status":"closed","ping_status":"closed","template":"","meta":{"inline_featured_image":false,"footnotes":""},"class_list":["post-14703","page","type-page","status-publish","has-post-thumbnail"],"yoast_head":"<title>\u0394\u03b7\u03bc\u03b9\u03bf\u03c5\u03c1\u03b3\u03b9\u03ba\u03bf \u03b5\u03c1\u03b3\u03b1\u03c3\u03c4\u03b7\u03c1\u03b9 | \u03a3\u039f\u03a5\u039b\u0399<\/title>\n<meta name=\"description\" content=\"\u03a4\u03bf \u03b4\u03b7\u03bc\u03b9\u03bf\u03c5\u03c1\u03b3\u03b9\u03ba\u03cc \u03b5\u03c1\u03b3\u03b1\u03c3\u03c4\u03ae\u03c1\u03b9 \u03c4\u03bf\u03c5 \u0397\u03c0\u03b5\u03b9\u03c1\u03c9\u03c4\u03b9\u03ba\u03bf\u03cd \u03a3\u03c5\u03bb\u03bb\u03cc\u03b3\u03bf\u03c5 \u039c\u03bf\u03bd\u03ac\u03c7\u03bf\u03c5 &quot;\u03a4\u03bf \u03a3\u03bf\u03cd\u03bb\u03b9&quot; \u03b1\u03c0\u03b5\u03c5\u03b8\u03cd\u03bd\u03b5\u03c4\u03b1\u03b9 \u03c3\u03b5 \u03c0\u03b1\u03b9\u03b4\u03b9\u03ac \u03ac\u03bd\u03c9 \u03c4\u03c9\u03bd 4 \u03b5\u03c4\u03ce\u03bd \u03ba\u03b1\u03b9 \u03c4\u03bf\u03c5\u03c2 \u03c0\u03c1\u03bf\u03c3\u03c6\u03ad\u03c1\u03b5\u03b9...\" \/>\n<meta name=\"robots\" content=\"index, follow, max-snippet:-1, max-image-preview:large, max-video-preview:-1\" \/>\n<link rel=\"canonical\" href=\"https:\/\/syllogos-souli.org\/de\/meli-tou-syllogou\/dimiourgiko-ergastiri\/\" \/>\n<meta property=\"og:locale\" content=\"de_DE\" \/>\n<meta property=\"og:type\" content=\"article\" \/>\n<meta property=\"og:title\" content=\"\u0394\u03b7\u03bc\u03b9\u03bf\u03c5\u03c1\u03b3\u03b9\u03ba\u03bf \u03b5\u03c1\u03b3\u03b1\u03c3\u03c4\u03b7\u03c1\u03b9 | \u03a3\u039f\u03a5\u039b\u0399\" \/>\n<meta property=\"og:description\" content=\"\u03a4\u03bf \u03b4\u03b7\u03bc\u03b9\u03bf\u03c5\u03c1\u03b3\u03b9\u03ba\u03cc \u03b5\u03c1\u03b3\u03b1\u03c3\u03c4\u03ae\u03c1\u03b9 \u03c4\u03bf\u03c5 \u0397\u03c0\u03b5\u03b9\u03c1\u03c9\u03c4\u03b9\u03ba\u03bf\u03cd \u03a3\u03c5\u03bb\u03bb\u03cc\u03b3\u03bf\u03c5 \u039c\u03bf\u03bd\u03ac\u03c7\u03bf\u03c5 &quot;\u03a4\u03bf \u03a3\u03bf\u03cd\u03bb\u03b9&quot; \u03b1\u03c0\u03b5\u03c5\u03b8\u03cd\u03bd\u03b5\u03c4\u03b1\u03b9 \u03c3\u03b5 \u03c0\u03b1\u03b9\u03b4\u03b9\u03ac \u03ac\u03bd\u03c9 \u03c4\u03c9\u03bd 4 \u03b5\u03c4\u03ce\u03bd \u03ba\u03b1\u03b9 \u03c4\u03bf\u03c5\u03c2 \u03c0\u03c1\u03bf\u03c3\u03c6\u03ad\u03c1\u03b5\u03b9...\" \/>\n<meta property=\"og:url\" content=\"https:\/\/syllogos-souli.org\/de\/meli-tou-syllogou\/dimiourgiko-ergastiri\/\" \/>\n<meta property=\"og:site_name\" content=\"\u03a3\u039f\u03a5\u039b\u0399\" \/>\n<meta property=\"article:publisher\" content=\"https:\/\/www.facebook.com\/syllogos.souli\" \/>\n<meta property=\"article:modified_time\" content=\"2025-03-31T23:58:53+00:00\" \/>\n<meta property=\"og:image\" content=\"https:\/\/syllogos-souli.org\/wp-content\/uploads\/2022\/12\/gevs-dimiourgiko_ergastiri.jpg\" \/>\n\t<meta property=\"og:image:width\" content=\"1620\" \/>\n\t<meta property=\"og:image:height\" content=\"614\" \/>\n\t<meta property=\"og:image:type\" content=\"image\/jpeg\" \/>\n<meta name=\"twitter:card\" content=\"summary_large_image\" \/>\n<meta name=\"twitter:label1\" content=\"Gesch\u00e4tzte Lesezeit\" \/>\n\t<meta name=\"twitter:data1\" content=\"4\u00a0Minuten\" \/>\n<script type=\"application\/ld+json\" class=\"yoast-schema-graph\">{\"@context\":\"https:\\\/\\\/schema.org\",\"@graph\":[{\"@type\":\"WebPage\",\"@id\":\"https:\\\/\\\/syllogos-souli.org\\\/meli-tou-syllogou\\\/dimiourgiko-ergastiri\\\/\",\"url\":\"https:\\\/\\\/syllogos-souli.org\\\/meli-tou-syllogou\\\/dimiourgiko-ergastiri\\\/\",\"name\":\"\u0394\u03b7\u03bc\u03b9\u03bf\u03c5\u03c1\u03b3\u03b9\u03ba\u03bf \u03b5\u03c1\u03b3\u03b1\u03c3\u03c4\u03b7\u03c1\u03b9 | \u03a3\u039f\u03a5\u039b\u0399\",\"isPartOf\":{\"@id\":\"https:\\\/\\\/syllogos-souli.org\\\/#website\"},\"primaryImageOfPage\":{\"@id\":\"https:\\\/\\\/syllogos-souli.org\\\/meli-tou-syllogou\\\/dimiourgiko-ergastiri\\\/#primaryimage\"},\"image\":{\"@id\":\"https:\\\/\\\/syllogos-souli.org\\\/meli-tou-syllogou\\\/dimiourgiko-ergastiri\\\/#primaryimage\"},\"thumbnailUrl\":\"https:\\\/\\\/syllogos-souli.org\\\/wp-content\\\/uploads\\\/2022\\\/12\\\/gevs-dimiourgiko_ergastiri.jpg\",\"datePublished\":\"2022-12-27T02:03:57+00:00\",\"dateModified\":\"2025-03-31T23:58:53+00:00\",\"description\":\"\u03a4\u03bf \u03b4\u03b7\u03bc\u03b9\u03bf\u03c5\u03c1\u03b3\u03b9\u03ba\u03cc \u03b5\u03c1\u03b3\u03b1\u03c3\u03c4\u03ae\u03c1\u03b9 \u03c4\u03bf\u03c5 \u0397\u03c0\u03b5\u03b9\u03c1\u03c9\u03c4\u03b9\u03ba\u03bf\u03cd \u03a3\u03c5\u03bb\u03bb\u03cc\u03b3\u03bf\u03c5 \u039c\u03bf\u03bd\u03ac\u03c7\u03bf\u03c5 \\\"\u03a4\u03bf \u03a3\u03bf\u03cd\u03bb\u03b9\\\" \u03b1\u03c0\u03b5\u03c5\u03b8\u03cd\u03bd\u03b5\u03c4\u03b1\u03b9 \u03c3\u03b5 \u03c0\u03b1\u03b9\u03b4\u03b9\u03ac \u03ac\u03bd\u03c9 \u03c4\u03c9\u03bd 4 \u03b5\u03c4\u03ce\u03bd \u03ba\u03b1\u03b9 \u03c4\u03bf\u03c5\u03c2 \u03c0\u03c1\u03bf\u03c3\u03c6\u03ad\u03c1\u03b5\u03b9...\",\"breadcrumb\":{\"@id\":\"https:\\\/\\\/syllogos-souli.org\\\/meli-tou-syllogou\\\/dimiourgiko-ergastiri\\\/#breadcrumb\"},\"inLanguage\":\"de\",\"potentialAction\":[{\"@type\":\"ReadAction\",\"target\":[\"https:\\\/\\\/syllogos-souli.org\\\/meli-tou-syllogou\\\/dimiourgiko-ergastiri\\\/\"]}]},{\"@type\":\"ImageObject\",\"inLanguage\":\"de\",\"@id\":\"https:\\\/\\\/syllogos-souli.org\\\/meli-tou-syllogou\\\/dimiourgiko-ergastiri\\\/#primaryimage\",\"url\":\"https:\\\/\\\/syllogos-souli.org\\\/wp-content\\\/uploads\\\/2022\\\/12\\\/gevs-dimiourgiko_ergastiri.jpg\",\"contentUrl\":\"https:\\\/\\\/syllogos-souli.org\\\/wp-content\\\/uploads\\\/2022\\\/12\\\/gevs-dimiourgiko_ergastiri.jpg\",\"width\":1620,\"height\":614,\"caption\":\"\u0394\u03b7\u03bc\u03b9\u03bf\u03c5\u03c1\u03b3\u03b9\u03ba\u03bf \u03b5\u03c1\u03b3\u03b1\u03c3\u03c4\u03b7\u03c1\u03b9\"},{\"@type\":\"BreadcrumbList\",\"@id\":\"https:\\\/\\\/syllogos-souli.org\\\/meli-tou-syllogou\\\/dimiourgiko-ergastiri\\\/#breadcrumb\",\"itemListElement\":[{\"@type\":\"ListItem\",\"position\":1,\"name\":\"\u039c\u0395\u039b\u0397 \u03a4\u039f\u03a5 \u03a3\u03a5\u039b\u039b\u039f\u0393\u039f\u03a5\",\"item\":\"https:\\\/\\\/syllogos-souli.org\\\/meli-tou-syllogou\\\/\"},{\"@type\":\"ListItem\",\"position\":2,\"name\":\"\u0394\u03b7\u03bc\u03b9\u03bf\u03c5\u03c1\u03b3\u03b9\u03ba\u03bf \u03b5\u03c1\u03b3\u03b1\u03c3\u03c4\u03b7\u03c1\u03b9\"}]},{\"@type\":\"WebSite\",\"@id\":\"https:\\\/\\\/syllogos-souli.org\\\/#website\",\"url\":\"https:\\\/\\\/syllogos-souli.org\\\/\",\"name\":\"\u03a3\u039f\u03a5\u039b\u0399\",\"description\":\"\u0397\u03c0\u03b5\u03b9\u03c1\u03ce\u03c4\u03b9\u03ba\u03bf\u03c2 \u03a3\u03cd\u03bb\u03bb\u03bf\u03b3\u03bf\u03c2 \u039c\u03bf\u03bd\u03ac\u03c7\u03bf\u03c5\",\"publisher\":{\"@id\":\"https:\\\/\\\/syllogos-souli.org\\\/#organization\"},\"alternateName\":\"\u0397\u03c0\u03b5\u03b9\u03c1\u03c9\u03c4\u03b9\u03ba\u03cc\u03c2 \u03a3\u03cd\u03bb\u03bb\u03bf\u03b3\u03bf\u03c2 \u039c\u03bf\u03bd\u03ac\u03c7\u03bf\u03c5 \u03a3\u039f\u03a5\u039b\u0399\",\"potentialAction\":[{\"@type\":\"SearchAction\",\"target\":{\"@type\":\"EntryPoint\",\"urlTemplate\":\"https:\\\/\\\/syllogos-souli.org\\\/?s={search_term_string}\"},\"query-input\":{\"@type\":\"PropertyValueSpecification\",\"valueRequired\":true,\"valueName\":\"search_term_string\"}}],\"inLanguage\":\"de\"},{\"@type\":\"Organization\",\"@id\":\"https:\\\/\\\/syllogos-souli.org\\\/#organization\",\"name\":\"\u0397\u03c0\u03b5\u03b9\u03c1\u03ce\u03c4\u03b9\u03ba\u03bf\u03c2 \u03a3\u03cd\u03bb\u03bb\u03bf\u03b3\u03bf\u03c2 \u039c\u03bf\u03bd\u03ac\u03c7\u03bf\u03c5 \u03a3\u039f\u03a5\u039b\u0399\",\"url\":\"https:\\\/\\\/syllogos-souli.org\\\/\",\"logo\":{\"@type\":\"ImageObject\",\"inLanguage\":\"de\",\"@id\":\"https:\\\/\\\/syllogos-souli.org\\\/#\\\/schema\\\/logo\\\/image\\\/\",\"url\":\"https:\\\/\\\/syllogos-souli.org\\\/wp-content\\\/uploads\\\/2022\\\/11\\\/gevs-logo-brow.svg\",\"contentUrl\":\"https:\\\/\\\/syllogos-souli.org\\\/wp-content\\\/uploads\\\/2022\\\/11\\\/gevs-logo-brow.svg\",\"caption\":\"\u0397\u03c0\u03b5\u03b9\u03c1\u03ce\u03c4\u03b9\u03ba\u03bf\u03c2 \u03a3\u03cd\u03bb\u03bb\u03bf\u03b3\u03bf\u03c2 \u039c\u03bf\u03bd\u03ac\u03c7\u03bf\u03c5 \u03a3\u039f\u03a5\u039b\u0399\"},\"image\":{\"@id\":\"https:\\\/\\\/syllogos-souli.org\\\/#\\\/schema\\\/logo\\\/image\\\/\"},\"sameAs\":[\"https:\\\/\\\/www.facebook.com\\\/syllogos.souli\"]}]}<\/script>","yoast_head_json":{"title":"\u0394\u03b7\u03bc\u03b9\u03bf\u03c5\u03c1\u03b3\u03b9\u03ba\u03bf \u03b5\u03c1\u03b3\u03b1\u03c3\u03c4\u03b7\u03c1\u03b9 | \u03a3\u039f\u03a5\u039b\u0399","description":"\u03a4\u03bf \u03b4\u03b7\u03bc\u03b9\u03bf\u03c5\u03c1\u03b3\u03b9\u03ba\u03cc \u03b5\u03c1\u03b3\u03b1\u03c3\u03c4\u03ae\u03c1\u03b9 \u03c4\u03bf\u03c5 \u0397\u03c0\u03b5\u03b9\u03c1\u03c9\u03c4\u03b9\u03ba\u03bf\u03cd \u03a3\u03c5\u03bb\u03bb\u03cc\u03b3\u03bf\u03c5 \u039c\u03bf\u03bd\u03ac\u03c7\u03bf\u03c5 \"\u03a4\u03bf \u03a3\u03bf\u03cd\u03bb\u03b9\" \u03b1\u03c0\u03b5\u03c5\u03b8\u03cd\u03bd\u03b5\u03c4\u03b1\u03b9 \u03c3\u03b5 \u03c0\u03b1\u03b9\u03b4\u03b9\u03ac \u03ac\u03bd\u03c9 \u03c4\u03c9\u03bd 4 \u03b5\u03c4\u03ce\u03bd \u03ba\u03b1\u03b9 \u03c4\u03bf\u03c5\u03c2 \u03c0\u03c1\u03bf\u03c3\u03c6\u03ad\u03c1\u03b5\u03b9...","robots":{"index":"index","follow":"follow","max-snippet":"max-snippet:-1","max-image-preview":"max-image-preview:large","max-video-preview":"max-video-preview:-1"},"canonical":"https:\/\/syllogos-souli.org\/de\/meli-tou-syllogou\/dimiourgiko-ergastiri\/","og_locale":"de_DE","og_type":"article","og_title":"\u0394\u03b7\u03bc\u03b9\u03bf\u03c5\u03c1\u03b3\u03b9\u03ba\u03bf \u03b5\u03c1\u03b3\u03b1\u03c3\u03c4\u03b7\u03c1\u03b9 | \u03a3\u039f\u03a5\u039b\u0399","og_description":"\u03a4\u03bf \u03b4\u03b7\u03bc\u03b9\u03bf\u03c5\u03c1\u03b3\u03b9\u03ba\u03cc \u03b5\u03c1\u03b3\u03b1\u03c3\u03c4\u03ae\u03c1\u03b9 \u03c4\u03bf\u03c5 \u0397\u03c0\u03b5\u03b9\u03c1\u03c9\u03c4\u03b9\u03ba\u03bf\u03cd \u03a3\u03c5\u03bb\u03bb\u03cc\u03b3\u03bf\u03c5 \u039c\u03bf\u03bd\u03ac\u03c7\u03bf\u03c5 \"\u03a4\u03bf \u03a3\u03bf\u03cd\u03bb\u03b9\" \u03b1\u03c0\u03b5\u03c5\u03b8\u03cd\u03bd\u03b5\u03c4\u03b1\u03b9 \u03c3\u03b5 \u03c0\u03b1\u03b9\u03b4\u03b9\u03ac \u03ac\u03bd\u03c9 \u03c4\u03c9\u03bd 4 \u03b5\u03c4\u03ce\u03bd \u03ba\u03b1\u03b9 \u03c4\u03bf\u03c5\u03c2 \u03c0\u03c1\u03bf\u03c3\u03c6\u03ad\u03c1\u03b5\u03b9...","og_url":"https:\/\/syllogos-souli.org\/de\/meli-tou-syllogou\/dimiourgiko-ergastiri\/","og_site_name":"\u03a3\u039f\u03a5\u039b\u0399","article_publisher":"https:\/\/www.facebook.com\/syllogos.souli","article_modified_time":"2025-03-31T23:58:53+00:00","og_image":[{"width":1620,"height":614,"url":"https:\/\/syllogos-souli.org\/wp-content\/uploads\/2022\/12\/gevs-dimiourgiko_ergastiri.jpg","type":"image\/jpeg"}],"twitter_card":"summary_large_image","twitter_misc":{"Gesch\u00e4tzte Lesezeit":"4\u00a0Minuten"},"schema":{"@context":"https:\/\/schema.org","@graph":[{"@type":"WebPage","@id":"https:\/\/syllogos-souli.org\/meli-tou-syllogou\/dimiourgiko-ergastiri\/","url":"https:\/\/syllogos-souli.org\/meli-tou-syllogou\/dimiourgiko-ergastiri\/","name":"\u0394\u03b7\u03bc\u03b9\u03bf\u03c5\u03c1\u03b3\u03b9\u03ba\u03bf \u03b5\u03c1\u03b3\u03b1\u03c3\u03c4\u03b7\u03c1\u03b9 | \u03a3\u039f\u03a5\u039b\u0399","isPartOf":{"@id":"https:\/\/syllogos-souli.org\/#website"},"primaryImageOfPage":{"@id":"https:\/\/syllogos-souli.org\/meli-tou-syllogou\/dimiourgiko-ergastiri\/#primaryimage"},"image":{"@id":"https:\/\/syllogos-souli.org\/meli-tou-syllogou\/dimiourgiko-ergastiri\/#primaryimage"},"thumbnailUrl":"https:\/\/syllogos-souli.org\/wp-content\/uploads\/2022\/12\/gevs-dimiourgiko_ergastiri.jpg","datePublished":"2022-12-27T02:03:57+00:00","dateModified":"2025-03-31T23:58:53+00:00","description":"\u03a4\u03bf \u03b4\u03b7\u03bc\u03b9\u03bf\u03c5\u03c1\u03b3\u03b9\u03ba\u03cc \u03b5\u03c1\u03b3\u03b1\u03c3\u03c4\u03ae\u03c1\u03b9 \u03c4\u03bf\u03c5 \u0397\u03c0\u03b5\u03b9\u03c1\u03c9\u03c4\u03b9\u03ba\u03bf\u03cd \u03a3\u03c5\u03bb\u03bb\u03cc\u03b3\u03bf\u03c5 \u039c\u03bf\u03bd\u03ac\u03c7\u03bf\u03c5 \"\u03a4\u03bf \u03a3\u03bf\u03cd\u03bb\u03b9\" \u03b1\u03c0\u03b5\u03c5\u03b8\u03cd\u03bd\u03b5\u03c4\u03b1\u03b9 \u03c3\u03b5 \u03c0\u03b1\u03b9\u03b4\u03b9\u03ac \u03ac\u03bd\u03c9 \u03c4\u03c9\u03bd 4 \u03b5\u03c4\u03ce\u03bd \u03ba\u03b1\u03b9 \u03c4\u03bf\u03c5\u03c2 \u03c0\u03c1\u03bf\u03c3\u03c6\u03ad\u03c1\u03b5\u03b9...","breadcrumb":{"@id":"https:\/\/syllogos-souli.org\/meli-tou-syllogou\/dimiourgiko-ergastiri\/#breadcrumb"},"inLanguage":"de","potentialAction":[{"@type":"ReadAction","target":["https:\/\/syllogos-souli.org\/meli-tou-syllogou\/dimiourgiko-ergastiri\/"]}]},{"@type":"ImageObject","inLanguage":"de","@id":"https:\/\/syllogos-souli.org\/meli-tou-syllogou\/dimiourgiko-ergastiri\/#primaryimage","url":"https:\/\/syllogos-souli.org\/wp-content\/uploads\/2022\/12\/gevs-dimiourgiko_ergastiri.jpg","contentUrl":"https:\/\/syllogos-souli.org\/wp-content\/uploads\/2022\/12\/gevs-dimiourgiko_ergastiri.jpg","width":1620,"height":614,"caption":"\u0394\u03b7\u03bc\u03b9\u03bf\u03c5\u03c1\u03b3\u03b9\u03ba\u03bf \u03b5\u03c1\u03b3\u03b1\u03c3\u03c4\u03b7\u03c1\u03b9"},{"@type":"BreadcrumbList","@id":"https:\/\/syllogos-souli.org\/meli-tou-syllogou\/dimiourgiko-ergastiri\/#breadcrumb","itemListElement":[{"@type":"ListItem","position":1,"name":"\u039c\u0395\u039b\u0397 \u03a4\u039f\u03a5 \u03a3\u03a5\u039b\u039b\u039f\u0393\u039f\u03a5","item":"https:\/\/syllogos-souli.org\/meli-tou-syllogou\/"},{"@type":"ListItem","position":2,"name":"\u0394\u03b7\u03bc\u03b9\u03bf\u03c5\u03c1\u03b3\u03b9\u03ba\u03bf \u03b5\u03c1\u03b3\u03b1\u03c3\u03c4\u03b7\u03c1\u03b9"}]},{"@type":"WebSite","@id":"https:\/\/syllogos-souli.org\/#website","url":"https:\/\/syllogos-souli.org\/","name":"SOULI","description":"\u0397\u03c0\u03b5\u03b9\u03c1\u03ce\u03c4\u03b9\u03ba\u03bf\u03c2 \u03a3\u03cd\u03bb\u03bb\u03bf\u03b3\u03bf\u03c2 \u039c\u03bf\u03bd\u03ac\u03c7\u03bf\u03c5","publisher":{"@id":"https:\/\/syllogos-souli.org\/#organization"},"alternateName":"\u0397\u03c0\u03b5\u03b9\u03c1\u03c9\u03c4\u03b9\u03ba\u03cc\u03c2 \u03a3\u03cd\u03bb\u03bb\u03bf\u03b3\u03bf\u03c2 \u039c\u03bf\u03bd\u03ac\u03c7\u03bf\u03c5 \u03a3\u039f\u03a5\u039b\u0399","potentialAction":[{"@type":"SearchAction","target":{"@type":"EntryPoint","urlTemplate":"https:\/\/syllogos-souli.org\/?s={search_term_string}"},"query-input":{"@type":"PropertyValueSpecification","valueRequired":true,"valueName":"search_term_string"}}],"inLanguage":"de"},{"@type":"Organization","@id":"https:\/\/syllogos-souli.org\/#organization","name":"\u0397\u03c0\u03b5\u03b9\u03c1\u03ce\u03c4\u03b9\u03ba\u03bf\u03c2 \u03a3\u03cd\u03bb\u03bb\u03bf\u03b3\u03bf\u03c2 \u039c\u03bf\u03bd\u03ac\u03c7\u03bf\u03c5 \u03a3\u039f\u03a5\u039b\u0399","url":"https:\/\/syllogos-souli.org\/","logo":{"@type":"ImageObject","inLanguage":"de","@id":"https:\/\/syllogos-souli.org\/#\/schema\/logo\/image\/","url":"https:\/\/syllogos-souli.org\/wp-content\/uploads\/2022\/11\/gevs-logo-brow.svg","contentUrl":"https:\/\/syllogos-souli.org\/wp-content\/uploads\/2022\/11\/gevs-logo-brow.svg","caption":"\u0397\u03c0\u03b5\u03b9\u03c1\u03ce\u03c4\u03b9\u03ba\u03bf\u03c2 \u03a3\u03cd\u03bb\u03bb\u03bf\u03b3\u03bf\u03c2 \u039c\u03bf\u03bd\u03ac\u03c7\u03bf\u03c5 \u03a3\u039f\u03a5\u039b\u0399"},"image":{"@id":"https:\/\/syllogos-souli.org\/#\/schema\/logo\/image\/"},"sameAs":["https:\/\/www.facebook.com\/syllogos.souli"]}]}},"_links":{"self":[{"href":"https:\/\/syllogos-souli.org\/de\/wp-json\/wp\/v2\/pages\/14703","targetHints":{"allow":["GET"]}}],"collection":[{"href":"https:\/\/syllogos-souli.org\/de\/wp-json\/wp\/v2\/pages"}],"about":[{"href":"https:\/\/syllogos-souli.org\/de\/wp-json\/wp\/v2\/types\/page"}],"author":[{"embeddable":true,"href":"https:\/\/syllogos-souli.org\/de\/wp-json\/wp\/v2\/users\/25"}],"replies":[{"embeddable":true,"href":"https:\/\/syllogos-souli.org\/de\/wp-json\/wp\/v2\/comments?post=14703"}],"version-history":[{"count":0,"href":"https:\/\/syllogos-souli.org\/de\/wp-json\/wp\/v2\/pages\/14703\/revisions"}],"up":[{"embeddable":true,"href":"https:\/\/syllogos-souli.org\/de\/wp-json\/wp\/v2\/pages\/10849"}],"wp:featuredmedia":[{"embeddable":true,"href":"https:\/\/syllogos-souli.org\/de\/wp-json\/wp\/v2\/media\/14731"}],"wp:attachment":[{"href":"https:\/\/syllogos-souli.org\/de\/wp-json\/wp\/v2\/media?parent=14703"}],"curies":[{"name":"wp","href":"https:\/\/api.w.org\/{rel}","templated":true}]}}