{"id":16593,"date":"2025-07-02T00:47:29","date_gmt":"2025-07-02T00:47:29","guid":{"rendered":"https:\/\/syllogos-souli.org\/?page_id=16593"},"modified":"2025-07-02T01:11:34","modified_gmt":"2025-07-02T01:11:34","slug":"dilosi-prosvasimotitas","status":"publish","type":"page","link":"https:\/\/syllogos-souli.org\/de\/dilosi-prosvasimotitas\/","title":{"rendered":"BARRIEREFREIHEITSERKL\u00c4RUNG"},"content":{"rendered":"<p>Die Website https:\/\/syllogos-souli.org\/ folgt den Grunds\u00e4tzen der digitalen Barrierefreiheit mit dem Ziel, f\u00fcr alle Nutzerinnen und Nutzer zug\u00e4nglich und benutzerfreundlich zu sein, insbesondere f\u00fcr Menschen mit besonderen F\u00e4higkeiten oder Zug\u00e4nglichkeitsbed\u00fcrfnissen.<\/p>\n\n\n\n<h4 class=\"wp-block-heading\">Konformit\u00e4tsstatus<\/h4>\n\n\n\n<p>Diese Website bem\u00fcht sich, die Richtlinien f\u00fcr barrierefreie Webinhalte (WCAG 2.1, Stufe AA) vollst\u00e4ndig einzuhalten, wie es die europ\u00e4ische Gesetzgebung (Richtlinie (EU) 2016\/2102) vorsieht.<\/p>\n\n\n\n<p>Auf jeder Seite der Website wird in K\u00fcrze ein Barrierefreiheits-Widget (z. B. AccessYes oder ein \u00e4hnliches Tool) integriert, das an einer gut sichtbaren Stelle platziert wird und zus\u00e4tzliche Funktionen f\u00fcr eine bessere Nutzererfahrung bietet.<\/p>\n\n\n\n<h4 class=\"wp-block-heading\">Bewertungsmethoden<\/h4>\n\n\n\n<p>Die Einhaltung der Barrierefreiheitsanforderungen wird regelm\u00e4\u00dfig \u00fcberpr\u00fcft \u2013 sowohl durch Selbstbewertung als auch durch den Einsatz spezialisierter Online-Tools und Barrierefreiheits-Widgets. Die letzte Bewertung erfolgte am 30.06.2025 auf Grundlage der WCAG 2.1 AA-Spezifikationen und der Anforderungen des Gesetzes 4727\/2020 (sofern anwendbar).<\/p>\n\n\n\n<h4 class=\"wp-block-heading\">Einschr\u00e4nkungen<\/h4>\n\n\n\n<p>Trotz regelm\u00e4\u00dfiger Bem\u00fchungen zur Verbesserung der Barrierefreiheit kann es vorkommen, dass bestimmte Elemente oder Funktionen noch nicht vollst\u00e4ndig den Vorgaben entsprechen. Sollten Sie auf ein Problem sto\u00dfen, bitten wir um eine entsprechende Mitteilung.<\/p>\n\n\n\n<h4 class=\"wp-block-heading\">Feedback und Kontakt<\/h4>\n\n\n\n<p>Wenn Sie Anmerkungen oder Verbesserungsvorschl\u00e4ge zur Barrierefreiheit der Website haben, k\u00f6nnen Sie uns unter info(at)syllogos-souli.org kontaktieren.<\/p>\n\n\n\n<p>Letzte \u00dcberarbeitung:<br>30.06.2025<\/p>\n\n\n\n<p>Diese Erkl\u00e4rung wird regelm\u00e4\u00dfig aktualisiert und kann angepasst werden, um den neuesten Anforderungen und Best Practices der digitalen Barrierefreiheit zu entsprechen<\/p>","protected":false},"excerpt":{"rendered":"<p>\u039f \u03b9\u03c3\u03c4\u03cc\u03c4\u03bf\u03c0\u03bf\u03c2 https:\/\/syllogos-souli.org\/ \u03b1\u03ba\u03bf\u03bb\u03bf\u03c5\u03b8\u03b5\u03af \u03c4\u03b9\u03c2 \u03b1\u03c1\u03c7\u03ad\u03c2 \u03c4\u03b7\u03c2 \u03c8\u03b7\u03c6\u03b9\u03b1\u03ba\u03ae\u03c2 \u03c0\u03c1\u03bf\u03c3\u03b2\u03b1\u03c3\u03b9\u03bc\u03cc\u03c4\u03b7\u03c4\u03b1\u03c2, \u03bc\u03b5 \u03c3\u03c4\u03cc\u03c7\u03bf \u03bd\u03b1 \u03b5\u03af\u03bd\u03b1\u03b9 \u03c0\u03c1\u03bf\u03c3\u03b2\u03ac\u03c3\u03b9\u03bc\u03bf\u03c2 \u03ba\u03b1\u03b9 &#8230; <a title=\"BARRIEREFREIHEITSERKL\u00c4RUNG\" class=\"read-more\" href=\"https:\/\/syllogos-souli.org\/de\/dilosi-prosvasimotitas\/\" aria-label=\"Mehr Informationen \u00fcber \u0394\u0397\u039b\u03a9\u03a3\u0397 \u03a0\u03a1\u039f\u03a3\u0392\u0391\u03a3\u0399\u039c\u039f\u03a4\u0397\u03a4\u0391\u03a3\">Weiterlesen &#8230;<\/a><\/p>","protected":false},"author":25,"featured_media":16603,"parent":0,"menu_order":0,"comment_status":"closed","ping_status":"closed","template":"","meta":{"inline_featured_image":false,"footnotes":""},"class_list":["post-16593","page","type-page","status-publish","has-post-thumbnail"],"yoast_head":"<title>\u0394\u0397\u039b\u03a9\u03a3\u0397 \u03a0\u03a1\u039f\u03a3\u0392\u0391\u03a3\u0399\u039c\u039f\u03a4\u0397\u03a4\u0391\u03a3 | \u03a3\u039f\u03a5\u039b\u0399<\/title>\n<meta name=\"description\" content=\"\u039f \u03b9\u03c3\u03c4\u03cc\u03c4\u03bf\u03c0\u03bf\u03c2 https:\/\/syllogos-souli.org\/ \u03b1\u03ba\u03bf\u03bb\u03bf\u03c5\u03b8\u03b5\u03af \u03c4\u03b9\u03c2 \u03b1\u03c1\u03c7\u03ad\u03c2 \u03c4\u03b7\u03c2 \u03c8\u03b7\u03c6\u03b9\u03b1\u03ba\u03ae\u03c2 \u03c0\u03c1\u03bf\u03c3\u03b2\u03b1\u03c3\u03b9\u03bc\u03cc\u03c4\u03b7\u03c4\u03b1\u03c2, \u03bc\u03b5 \u03c3\u03c4\u03cc\u03c7\u03bf \u03bd\u03b1 \u03b5\u03af\u03bd\u03b1\u03b9 \u03c0\u03c1\u03bf\u03c3\u03b2\u03ac\u03c3\u03b9\u03bc\u03bf\u03c2 \u03ba\u03b1\u03b9 \u03c6\u03b9\u03bb\u03b9\u03ba\u03cc\u03c2...\" \/>\n<meta name=\"robots\" content=\"index, follow, max-snippet:-1, max-image-preview:large, max-video-preview:-1\" \/>\n<link rel=\"canonical\" href=\"https:\/\/syllogos-souli.org\/de\/dilosi-prosvasimotitas\/\" \/>\n<meta property=\"og:locale\" content=\"de_DE\" \/>\n<meta property=\"og:type\" content=\"article\" \/>\n<meta property=\"og:title\" content=\"\u0394\u0397\u039b\u03a9\u03a3\u0397 \u03a0\u03a1\u039f\u03a3\u0392\u0391\u03a3\u0399\u039c\u039f\u03a4\u0397\u03a4\u0391\u03a3 | \u03a3\u039f\u03a5\u039b\u0399\" \/>\n<meta property=\"og:description\" content=\"\u039f \u03b9\u03c3\u03c4\u03cc\u03c4\u03bf\u03c0\u03bf\u03c2 https:\/\/syllogos-souli.org\/ \u03b1\u03ba\u03bf\u03bb\u03bf\u03c5\u03b8\u03b5\u03af \u03c4\u03b9\u03c2 \u03b1\u03c1\u03c7\u03ad\u03c2 \u03c4\u03b7\u03c2 \u03c8\u03b7\u03c6\u03b9\u03b1\u03ba\u03ae\u03c2 \u03c0\u03c1\u03bf\u03c3\u03b2\u03b1\u03c3\u03b9\u03bc\u03cc\u03c4\u03b7\u03c4\u03b1\u03c2, \u03bc\u03b5 \u03c3\u03c4\u03cc\u03c7\u03bf \u03bd\u03b1 \u03b5\u03af\u03bd\u03b1\u03b9 \u03c0\u03c1\u03bf\u03c3\u03b2\u03ac\u03c3\u03b9\u03bc\u03bf\u03c2 \u03ba\u03b1\u03b9 \u03c6\u03b9\u03bb\u03b9\u03ba\u03cc\u03c2...\" \/>\n<meta property=\"og:url\" content=\"https:\/\/syllogos-souli.org\/de\/dilosi-prosvasimotitas\/\" \/>\n<meta property=\"og:site_name\" content=\"\u03a3\u039f\u03a5\u039b\u0399\" \/>\n<meta property=\"article:publisher\" content=\"https:\/\/www.facebook.com\/syllogos.souli\" \/>\n<meta property=\"article:modified_time\" content=\"2025-07-02T01:11:34+00:00\" \/>\n<meta property=\"og:image\" content=\"https:\/\/syllogos-souli.org\/wp-content\/uploads\/gevs-barrierefreiheit-AS-cgevs.webp\" \/>\n\t<meta property=\"og:image:width\" content=\"1920\" \/>\n\t<meta property=\"og:image:height\" content=\"620\" \/>\n\t<meta property=\"og:image:type\" content=\"image\/webp\" \/>\n<meta name=\"twitter:card\" content=\"summary_large_image\" \/>\n<meta name=\"twitter:label1\" content=\"Gesch\u00e4tzte Lesezeit\" \/>\n\t<meta name=\"twitter:data1\" content=\"2\u00a0Minuten\" \/>\n<script type=\"application\/ld+json\" class=\"yoast-schema-graph\">{\"@context\":\"https:\\\/\\\/schema.org\",\"@graph\":[{\"@type\":\"WebPage\",\"@id\":\"https:\\\/\\\/syllogos-souli.org\\\/dilosi-prosvasimotitas\\\/\",\"url\":\"https:\\\/\\\/syllogos-souli.org\\\/dilosi-prosvasimotitas\\\/\",\"name\":\"\u0394\u0397\u039b\u03a9\u03a3\u0397 \u03a0\u03a1\u039f\u03a3\u0392\u0391\u03a3\u0399\u039c\u039f\u03a4\u0397\u03a4\u0391\u03a3 | \u03a3\u039f\u03a5\u039b\u0399\",\"isPartOf\":{\"@id\":\"https:\\\/\\\/syllogos-souli.org\\\/#website\"},\"primaryImageOfPage\":{\"@id\":\"https:\\\/\\\/syllogos-souli.org\\\/dilosi-prosvasimotitas\\\/#primaryimage\"},\"image\":{\"@id\":\"https:\\\/\\\/syllogos-souli.org\\\/dilosi-prosvasimotitas\\\/#primaryimage\"},\"thumbnailUrl\":\"https:\\\/\\\/syllogos-souli.org\\\/wp-content\\\/uploads\\\/gevs-barrierefreiheit-AS-cgevs.webp\",\"datePublished\":\"2025-07-02T00:47:29+00:00\",\"dateModified\":\"2025-07-02T01:11:34+00:00\",\"description\":\"\u039f \u03b9\u03c3\u03c4\u03cc\u03c4\u03bf\u03c0\u03bf\u03c2 https:\\\/\\\/syllogos-souli.org\\\/ \u03b1\u03ba\u03bf\u03bb\u03bf\u03c5\u03b8\u03b5\u03af \u03c4\u03b9\u03c2 \u03b1\u03c1\u03c7\u03ad\u03c2 \u03c4\u03b7\u03c2 \u03c8\u03b7\u03c6\u03b9\u03b1\u03ba\u03ae\u03c2 \u03c0\u03c1\u03bf\u03c3\u03b2\u03b1\u03c3\u03b9\u03bc\u03cc\u03c4\u03b7\u03c4\u03b1\u03c2, \u03bc\u03b5 \u03c3\u03c4\u03cc\u03c7\u03bf \u03bd\u03b1 \u03b5\u03af\u03bd\u03b1\u03b9 \u03c0\u03c1\u03bf\u03c3\u03b2\u03ac\u03c3\u03b9\u03bc\u03bf\u03c2 \u03ba\u03b1\u03b9 \u03c6\u03b9\u03bb\u03b9\u03ba\u03cc\u03c2...\",\"inLanguage\":\"de\",\"potentialAction\":[{\"@type\":\"ReadAction\",\"target\":[\"https:\\\/\\\/syllogos-souli.org\\\/dilosi-prosvasimotitas\\\/\"]}]},{\"@type\":\"ImageObject\",\"inLanguage\":\"de\",\"@id\":\"https:\\\/\\\/syllogos-souli.org\\\/dilosi-prosvasimotitas\\\/#primaryimage\",\"url\":\"https:\\\/\\\/syllogos-souli.org\\\/wp-content\\\/uploads\\\/gevs-barrierefreiheit-AS-cgevs.webp\",\"contentUrl\":\"https:\\\/\\\/syllogos-souli.org\\\/wp-content\\\/uploads\\\/gevs-barrierefreiheit-AS-cgevs.webp\",\"width\":1920,\"height\":620,\"caption\":\"\u0394\u0397\u039b\u03a9\u03a3\u0397 \u03a0\u03a1\u039f\u03a3\u0392\u0391\u03a3\u0399\u039c\u039f\u03a4\u0397\u03a4\u0391\u03a3\"},{\"@type\":\"WebSite\",\"@id\":\"https:\\\/\\\/syllogos-souli.org\\\/#website\",\"url\":\"https:\\\/\\\/syllogos-souli.org\\\/\",\"name\":\"\u03a3\u039f\u03a5\u039b\u0399\",\"description\":\"\u0397\u03c0\u03b5\u03b9\u03c1\u03ce\u03c4\u03b9\u03ba\u03bf\u03c2 \u03a3\u03cd\u03bb\u03bb\u03bf\u03b3\u03bf\u03c2 \u039c\u03bf\u03bd\u03ac\u03c7\u03bf\u03c5\",\"publisher\":{\"@id\":\"https:\\\/\\\/syllogos-souli.org\\\/#organization\"},\"alternateName\":\"\u0397\u03c0\u03b5\u03b9\u03c1\u03c9\u03c4\u03b9\u03ba\u03cc\u03c2 \u03a3\u03cd\u03bb\u03bb\u03bf\u03b3\u03bf\u03c2 \u039c\u03bf\u03bd\u03ac\u03c7\u03bf\u03c5 \u03a3\u039f\u03a5\u039b\u0399\",\"potentialAction\":[{\"@type\":\"SearchAction\",\"target\":{\"@type\":\"EntryPoint\",\"urlTemplate\":\"https:\\\/\\\/syllogos-souli.org\\\/?s={search_term_string}\"},\"query-input\":{\"@type\":\"PropertyValueSpecification\",\"valueRequired\":true,\"valueName\":\"search_term_string\"}}],\"inLanguage\":\"de\"},{\"@type\":\"Organization\",\"@id\":\"https:\\\/\\\/syllogos-souli.org\\\/#organization\",\"name\":\"\u0397\u03c0\u03b5\u03b9\u03c1\u03ce\u03c4\u03b9\u03ba\u03bf\u03c2 \u03a3\u03cd\u03bb\u03bb\u03bf\u03b3\u03bf\u03c2 \u039c\u03bf\u03bd\u03ac\u03c7\u03bf\u03c5 \u03a3\u039f\u03a5\u039b\u0399\",\"url\":\"https:\\\/\\\/syllogos-souli.org\\\/\",\"logo\":{\"@type\":\"ImageObject\",\"inLanguage\":\"de\",\"@id\":\"https:\\\/\\\/syllogos-souli.org\\\/#\\\/schema\\\/logo\\\/image\\\/\",\"url\":\"https:\\\/\\\/syllogos-souli.org\\\/wp-content\\\/uploads\\\/2022\\\/11\\\/gevs-logo-brow.svg\",\"contentUrl\":\"https:\\\/\\\/syllogos-souli.org\\\/wp-content\\\/uploads\\\/2022\\\/11\\\/gevs-logo-brow.svg\",\"caption\":\"\u0397\u03c0\u03b5\u03b9\u03c1\u03ce\u03c4\u03b9\u03ba\u03bf\u03c2 \u03a3\u03cd\u03bb\u03bb\u03bf\u03b3\u03bf\u03c2 \u039c\u03bf\u03bd\u03ac\u03c7\u03bf\u03c5 \u03a3\u039f\u03a5\u039b\u0399\"},\"image\":{\"@id\":\"https:\\\/\\\/syllogos-souli.org\\\/#\\\/schema\\\/logo\\\/image\\\/\"},\"sameAs\":[\"https:\\\/\\\/www.facebook.com\\\/syllogos.souli\"]}]}<\/script>","yoast_head_json":{"title":"\u0394\u0397\u039b\u03a9\u03a3\u0397 \u03a0\u03a1\u039f\u03a3\u0392\u0391\u03a3\u0399\u039c\u039f\u03a4\u0397\u03a4\u0391\u03a3 | \u03a3\u039f\u03a5\u039b\u0399","description":"\u039f \u03b9\u03c3\u03c4\u03cc\u03c4\u03bf\u03c0\u03bf\u03c2 https:\/\/syllogos-souli.org\/ \u03b1\u03ba\u03bf\u03bb\u03bf\u03c5\u03b8\u03b5\u03af \u03c4\u03b9\u03c2 \u03b1\u03c1\u03c7\u03ad\u03c2 \u03c4\u03b7\u03c2 \u03c8\u03b7\u03c6\u03b9\u03b1\u03ba\u03ae\u03c2 \u03c0\u03c1\u03bf\u03c3\u03b2\u03b1\u03c3\u03b9\u03bc\u03cc\u03c4\u03b7\u03c4\u03b1\u03c2, \u03bc\u03b5 \u03c3\u03c4\u03cc\u03c7\u03bf \u03bd\u03b1 \u03b5\u03af\u03bd\u03b1\u03b9 \u03c0\u03c1\u03bf\u03c3\u03b2\u03ac\u03c3\u03b9\u03bc\u03bf\u03c2 \u03ba\u03b1\u03b9 \u03c6\u03b9\u03bb\u03b9\u03ba\u03cc\u03c2...","robots":{"index":"index","follow":"follow","max-snippet":"max-snippet:-1","max-image-preview":"max-image-preview:large","max-video-preview":"max-video-preview:-1"},"canonical":"https:\/\/syllogos-souli.org\/de\/dilosi-prosvasimotitas\/","og_locale":"de_DE","og_type":"article","og_title":"\u0394\u0397\u039b\u03a9\u03a3\u0397 \u03a0\u03a1\u039f\u03a3\u0392\u0391\u03a3\u0399\u039c\u039f\u03a4\u0397\u03a4\u0391\u03a3 | \u03a3\u039f\u03a5\u039b\u0399","og_description":"\u039f \u03b9\u03c3\u03c4\u03cc\u03c4\u03bf\u03c0\u03bf\u03c2 https:\/\/syllogos-souli.org\/ \u03b1\u03ba\u03bf\u03bb\u03bf\u03c5\u03b8\u03b5\u03af \u03c4\u03b9\u03c2 \u03b1\u03c1\u03c7\u03ad\u03c2 \u03c4\u03b7\u03c2 \u03c8\u03b7\u03c6\u03b9\u03b1\u03ba\u03ae\u03c2 \u03c0\u03c1\u03bf\u03c3\u03b2\u03b1\u03c3\u03b9\u03bc\u03cc\u03c4\u03b7\u03c4\u03b1\u03c2, \u03bc\u03b5 \u03c3\u03c4\u03cc\u03c7\u03bf \u03bd\u03b1 \u03b5\u03af\u03bd\u03b1\u03b9 \u03c0\u03c1\u03bf\u03c3\u03b2\u03ac\u03c3\u03b9\u03bc\u03bf\u03c2 \u03ba\u03b1\u03b9 \u03c6\u03b9\u03bb\u03b9\u03ba\u03cc\u03c2...","og_url":"https:\/\/syllogos-souli.org\/de\/dilosi-prosvasimotitas\/","og_site_name":"\u03a3\u039f\u03a5\u039b\u0399","article_publisher":"https:\/\/www.facebook.com\/syllogos.souli","article_modified_time":"2025-07-02T01:11:34+00:00","og_image":[{"width":1920,"height":620,"url":"https:\/\/syllogos-souli.org\/wp-content\/uploads\/gevs-barrierefreiheit-AS-cgevs.webp","type":"image\/webp"}],"twitter_card":"summary_large_image","twitter_misc":{"Gesch\u00e4tzte Lesezeit":"2\u00a0Minuten"},"schema":{"@context":"https:\/\/schema.org","@graph":[{"@type":"WebPage","@id":"https:\/\/syllogos-souli.org\/dilosi-prosvasimotitas\/","url":"https:\/\/syllogos-souli.org\/dilosi-prosvasimotitas\/","name":"\u0394\u0397\u039b\u03a9\u03a3\u0397 \u03a0\u03a1\u039f\u03a3\u0392\u0391\u03a3\u0399\u039c\u039f\u03a4\u0397\u03a4\u0391\u03a3 | \u03a3\u039f\u03a5\u039b\u0399","isPartOf":{"@id":"https:\/\/syllogos-souli.org\/#website"},"primaryImageOfPage":{"@id":"https:\/\/syllogos-souli.org\/dilosi-prosvasimotitas\/#primaryimage"},"image":{"@id":"https:\/\/syllogos-souli.org\/dilosi-prosvasimotitas\/#primaryimage"},"thumbnailUrl":"https:\/\/syllogos-souli.org\/wp-content\/uploads\/gevs-barrierefreiheit-AS-cgevs.webp","datePublished":"2025-07-02T00:47:29+00:00","dateModified":"2025-07-02T01:11:34+00:00","description":"\u039f \u03b9\u03c3\u03c4\u03cc\u03c4\u03bf\u03c0\u03bf\u03c2 https:\/\/syllogos-souli.org\/ \u03b1\u03ba\u03bf\u03bb\u03bf\u03c5\u03b8\u03b5\u03af \u03c4\u03b9\u03c2 \u03b1\u03c1\u03c7\u03ad\u03c2 \u03c4\u03b7\u03c2 \u03c8\u03b7\u03c6\u03b9\u03b1\u03ba\u03ae\u03c2 \u03c0\u03c1\u03bf\u03c3\u03b2\u03b1\u03c3\u03b9\u03bc\u03cc\u03c4\u03b7\u03c4\u03b1\u03c2, \u03bc\u03b5 \u03c3\u03c4\u03cc\u03c7\u03bf \u03bd\u03b1 \u03b5\u03af\u03bd\u03b1\u03b9 \u03c0\u03c1\u03bf\u03c3\u03b2\u03ac\u03c3\u03b9\u03bc\u03bf\u03c2 \u03ba\u03b1\u03b9 \u03c6\u03b9\u03bb\u03b9\u03ba\u03cc\u03c2...","inLanguage":"de","potentialAction":[{"@type":"ReadAction","target":["https:\/\/syllogos-souli.org\/dilosi-prosvasimotitas\/"]}]},{"@type":"ImageObject","inLanguage":"de","@id":"https:\/\/syllogos-souli.org\/dilosi-prosvasimotitas\/#primaryimage","url":"https:\/\/syllogos-souli.org\/wp-content\/uploads\/gevs-barrierefreiheit-AS-cgevs.webp","contentUrl":"https:\/\/syllogos-souli.org\/wp-content\/uploads\/gevs-barrierefreiheit-AS-cgevs.webp","width":1920,"height":620,"caption":"\u0394\u0397\u039b\u03a9\u03a3\u0397 \u03a0\u03a1\u039f\u03a3\u0392\u0391\u03a3\u0399\u039c\u039f\u03a4\u0397\u03a4\u0391\u03a3"},{"@type":"WebSite","@id":"https:\/\/syllogos-souli.org\/#website","url":"https:\/\/syllogos-souli.org\/","name":"SOULI","description":"\u0397\u03c0\u03b5\u03b9\u03c1\u03ce\u03c4\u03b9\u03ba\u03bf\u03c2 \u03a3\u03cd\u03bb\u03bb\u03bf\u03b3\u03bf\u03c2 \u039c\u03bf\u03bd\u03ac\u03c7\u03bf\u03c5","publisher":{"@id":"https:\/\/syllogos-souli.org\/#organization"},"alternateName":"\u0397\u03c0\u03b5\u03b9\u03c1\u03c9\u03c4\u03b9\u03ba\u03cc\u03c2 \u03a3\u03cd\u03bb\u03bb\u03bf\u03b3\u03bf\u03c2 \u039c\u03bf\u03bd\u03ac\u03c7\u03bf\u03c5 \u03a3\u039f\u03a5\u039b\u0399","potentialAction":[{"@type":"SearchAction","target":{"@type":"EntryPoint","urlTemplate":"https:\/\/syllogos-souli.org\/?s={search_term_string}"},"query-input":{"@type":"PropertyValueSpecification","valueRequired":true,"valueName":"search_term_string"}}],"inLanguage":"de"},{"@type":"Organization","@id":"https:\/\/syllogos-souli.org\/#organization","name":"\u0397\u03c0\u03b5\u03b9\u03c1\u03ce\u03c4\u03b9\u03ba\u03bf\u03c2 \u03a3\u03cd\u03bb\u03bb\u03bf\u03b3\u03bf\u03c2 \u039c\u03bf\u03bd\u03ac\u03c7\u03bf\u03c5 \u03a3\u039f\u03a5\u039b\u0399","url":"https:\/\/syllogos-souli.org\/","logo":{"@type":"ImageObject","inLanguage":"de","@id":"https:\/\/syllogos-souli.org\/#\/schema\/logo\/image\/","url":"https:\/\/syllogos-souli.org\/wp-content\/uploads\/2022\/11\/gevs-logo-brow.svg","contentUrl":"https:\/\/syllogos-souli.org\/wp-content\/uploads\/2022\/11\/gevs-logo-brow.svg","caption":"\u0397\u03c0\u03b5\u03b9\u03c1\u03ce\u03c4\u03b9\u03ba\u03bf\u03c2 \u03a3\u03cd\u03bb\u03bb\u03bf\u03b3\u03bf\u03c2 \u039c\u03bf\u03bd\u03ac\u03c7\u03bf\u03c5 \u03a3\u039f\u03a5\u039b\u0399"},"image":{"@id":"https:\/\/syllogos-souli.org\/#\/schema\/logo\/image\/"},"sameAs":["https:\/\/www.facebook.com\/syllogos.souli"]}]}},"_links":{"self":[{"href":"https:\/\/syllogos-souli.org\/de\/wp-json\/wp\/v2\/pages\/16593","targetHints":{"allow":["GET"]}}],"collection":[{"href":"https:\/\/syllogos-souli.org\/de\/wp-json\/wp\/v2\/pages"}],"about":[{"href":"https:\/\/syllogos-souli.org\/de\/wp-json\/wp\/v2\/types\/page"}],"author":[{"embeddable":true,"href":"https:\/\/syllogos-souli.org\/de\/wp-json\/wp\/v2\/users\/25"}],"replies":[{"embeddable":true,"href":"https:\/\/syllogos-souli.org\/de\/wp-json\/wp\/v2\/comments?post=16593"}],"version-history":[{"count":0,"href":"https:\/\/syllogos-souli.org\/de\/wp-json\/wp\/v2\/pages\/16593\/revisions"}],"wp:featuredmedia":[{"embeddable":true,"href":"https:\/\/syllogos-souli.org\/de\/wp-json\/wp\/v2\/media\/16603"}],"wp:attachment":[{"href":"https:\/\/syllogos-souli.org\/de\/wp-json\/wp\/v2\/media?parent=16593"}],"curies":[{"name":"wp","href":"https:\/\/api.w.org\/{rel}","templated":true}]}}