{"id":9983,"date":"2020-02-17T17:20:53","date_gmt":"2020-02-17T17:20:53","guid":{"rendered":"https:\/\/syllogos-souli.org\/?page_id=9983"},"modified":"2025-04-01T00:07:52","modified_gmt":"2025-04-01T00:07:52","slug":"matmimata-ekmathisis-paradosiakon-choron","status":"publish","type":"page","link":"https:\/\/syllogos-souli.org\/de\/meli-tou-syllogou\/matmimata-ekmathisis-paradosiakon-choron\/","title":{"rendered":"Unterricht traditioneller T\u00e4nze"},"content":{"rendered":"<div class=\"gb-container gb-container-212eb573\"><div class=\"gb-inside-container\">\n<div class=\"gb-grid-wrapper gb-grid-wrapper-1ace9949\">\n<div class=\"gb-grid-column gb-grid-column-7cd73e8c\"><div class=\"gb-container gb-container-7cd73e8c\"><div class=\"gb-inside-container\">\n\n<h3 class=\"gb-headline gb-headline-fbe47bf0 gb-headline-text\">Der Epirotische Verein in M\u00fcnchen \"To Souli\" bietet ein umfassendes Programm zum Erlernen traditioneller T\u00e4nze an, mit besonderem Schwerpunkt auf epirotischen T\u00e4nzen.<\/h3>\n\n\n\n<p class=\"gb-headline gb-headline-d9924bb8 gb-headline-text\">Das Programm richtet sich an alle Altersgruppen, von Jung bis Alt, und bildet mit \u00fcber 50 aktiven Mitgliedern die Haupts\u00e4ule der Vereinsaktivit\u00e4ten.<\/p>\n\n\n\n<p class=\"gb-headline gb-headline-6808f3ae gb-headline-text\">Die traditionellen Tanzkurse des Epirotischen Vereins in M\u00fcnchen \"To Souli\" pr\u00e4sentieren mit langj\u00e4hriger und systematischer Arbeit die Musik- und Tanztradition aller Regionen von Epirus (Arta, Thesprotia, Ioannina und Preveza).<\/p>\n\n\n\n<p class=\"gb-headline gb-headline-544fe78d gb-headline-text\">Der Unterricht basiert auf umfangreichen Forschungen und Aufzeichnungen, wobei der Verein seit langem mit anerkannten epirotischen Interpreten und Musikern zusammenarbeitet.<\/p>\n\n<\/div><\/div><\/div>\n\n<div class=\"gb-grid-column gb-grid-column-9c98a0d1\"><div class=\"gb-container gb-container-9c98a0d1\"><div class=\"gb-inside-container\">\n\n<figure class=\"gb-block-image gb-block-image-f144df8a\"><img decoding=\"async\" width=\"780\" height=\"431\" class=\"gb-image gb-image-f144df8a\" loading=\"lazy\" src=\"https:\/\/syllogos-souli.org\/wp-content\/uploads\/2020\/04\/ssev-tmima-xorou.jpg\" alt=\"\u03a3\u03bf\u03cd\u03bb\u03b9 - \u03a7\u03bf\u03c1\u03b5\u03c5\u03c4\u03b9\u03ba\u03cc \" title=\"\u03a3\u03bf\u03cd\u03bb\u03b9 - \u03a7\u03bf\u03c1\u03b5\u03c5\u03c4\u03b9\u03ba\u03cc \" srcset=\"https:\/\/syllogos-souli.org\/wp-content\/uploads\/2020\/04\/ssev-tmima-xorou.jpg 780w, https:\/\/syllogos-souli.org\/wp-content\/uploads\/2020\/04\/ssev-tmima-xorou-300x166.jpg 300w, https:\/\/syllogos-souli.org\/wp-content\/uploads\/2020\/04\/ssev-tmima-xorou-768x424.jpg 768w\" sizes=\"auto, (max-width: 780px) 100vw, 780px\" \/><\/figure>\n\n<\/div><\/div><\/div>\n\n<div class=\"gb-grid-column gb-grid-column-bdcff916\"><div class=\"gb-container gb-container-bdcff916\"><div class=\"gb-inside-container\">\n\n<figure class=\"gb-block-image gb-block-image-0dcb92a9\"><img decoding=\"async\" width=\"780\" height=\"431\" class=\"gb-image gb-image-0dcb92a9\" loading=\"lazy\" src=\"https:\/\/syllogos-souli.org\/wp-content\/uploads\/2020\/04\/ssev-pediko-tmima.jpg\" srcset=\"https:\/\/syllogos-souli.org\/wp-content\/uploads\/2020\/04\/ssev-pediko-tmima.jpg 780w, https:\/\/syllogos-souli.org\/wp-content\/uploads\/2020\/04\/ssev-pediko-tmima-300x166.jpg 300w, https:\/\/syllogos-souli.org\/wp-content\/uploads\/2020\/04\/ssev-pediko-tmima-768x424.jpg 768w\" sizes=\"auto, (max-width: 780px) 100vw, 780px\" \/><\/figure>\n\n<\/div><\/div><\/div>\n\n<div class=\"gb-grid-column gb-grid-column-c1eb9b84\"><div class=\"gb-container gb-container-c1eb9b84\"><div class=\"gb-inside-container\">\n\n<h3 class=\"gb-headline gb-headline-2c89919d gb-headline-text\">Erhaltung der epirotischen Tradition<\/h3>\n\n\n\n<p class=\"gb-headline gb-headline-799092cd gb-headline-text\">Ziel des Vereins ist es, die epirotische Tradition zu bewahren, weiterzugeben und zu f\u00f6rdern. <\/p>\n\n\n\n<p class=\"gb-headline gb-headline-b7a930cc gb-headline-text\">Gleichzeitig fungiert er als Bindeglied f\u00fcr die Kommunikation und Interaktion der Epiroten im Gro\u00dfraum M\u00fcnchen, nicht nur durch Tanz, sondern auch durch andere kulturelle Aktivit\u00e4ten.<\/p>\n\n\n\n<p class=\"gb-headline gb-headline-bdb22404 gb-headline-text\">Die Kurse f\u00fcr traditionelle T\u00e4nze werden den Vereinsmitgliedern kostenlos angeboten. <\/p>\n\n\n\n<p class=\"gb-headline gb-headline-a0bce43d gb-headline-text\">Der Tanzunterricht, sowohl f\u00fcr Kinder als auch f\u00fcr Erwachsene, finden jeden Sonntag von 15:00 bis 17:00 Uhr statt.<\/p>\n\n\n\n<p class=\"gb-headline gb-headline-3a4ef282 gb-headline-text\">Arnulfstr. 197<br>80634 M\u00fcnchen<\/p>\n\n\n\n<p class=\"gb-headline gb-headline-4e6f127d gb-headline-text\">Tanzunterricht: Chrissoula Bessi<\/p>\n\n<\/div><\/div><\/div>\n\n<div class=\"gb-grid-column gb-grid-column-22c8fd91\"><div class=\"gb-container gb-container-22c8fd91\">\n\n<p class=\"gb-headline gb-headline-04c22082 gb-headline-text\">Der Epirotische Verein in M\u00fcnchen \"To Souli\", mit seiner reichen Geschichte seit 1979, bleibt ein wichtiger Tr\u00e4ger f\u00fcr die Erhaltung und F\u00f6rderung der epirotischen und allgemein griechischen Kultur in M\u00fcnchen.<\/p>\n\n<\/div><\/div>\n<\/div>\n\n<div class=\"gb-container gb-container-fe11067d\">\n<div class=\"gb-button-wrapper gb-button-wrapper-e317eca6\">\n\n<a class=\"gb-button gb-button-9b6ec44c\" href=\"https:\/\/syllogos-souli.org\/de\/meli-tou-syllogou\/\"><span class=\"gb-icon\"><svg aria-hidden=\"true\" role=\"img\" height=\"1em\" width=\"1em\" viewbox=\"0 0 256 512\" xmlns=\"http:\/\/www.w3.org\/2000\/svg\"><path fill=\"currentColor\" d=\"M31.7 239l136-136c9.4-9.4 24.6-9.4 33.9 0l22.6 22.6c9.4 9.4 9.4 24.6 0 33.9L127.9 256l96.4 96.4c9.4 9.4 9.4 24.6 0 33.9L201.7 409c-9.4 9.4-24.6 9.4-33.9 0l-136-136c-9.5-9.4-9.5-24.6-.1-34z\"><\/path><\/svg><\/span><span class=\"gb-button-text\">ANGEBOTE\u039d\u0395 DIENSTLEISTUNGEN UND AKTIVIT\u00c4TEN<\/span><\/a>\n\n<\/div>\n<\/div>\n<\/div><\/div>","protected":false},"excerpt":{"rendered":"<p>\u0397\u03c0\u03b5\u03b9\u03c1\u03ce\u03c4\u03b9\u03ba\u03bf\u03c2 \u03a3\u03cd\u03bb\u03bb\u03bf\u03b3\u03bf\u03c2 \u039c\u03bf\u03bd\u03ac\u03c7\u03bf\u03c5 \u201c\u03a4\u03bf \u03a3\u03bf\u03cd\u03bb\u03b9\u201d, \u03bf \u03b9\u03c3\u03c4\u03bf\u03c1\u03b9\u03ba\u03cc\u03c4\u03b5\u03c1\u03bf\u03c2 \u0397\u03c0\u03b5\u03b9\u03c1\u03ce\u03c4\u03b9\u03ba\u03bf\u03c2 \u03a3\u03cd\u03bb\u03bb\u03bf\u03b3\u03bf\u03c2 \u03c3\u03c4\u03bf \u039c\u03cc\u03bd\u03b1\u03c7\u03bf. \u0391\u03c0\u03cc \u03c4\u03bf 1979 \u03b4\u03b9\u03b1\u03c4\u03b7\u03c1\u03bf\u03cd\u03bc\u03b5 \u03ba\u03b1\u03b9 \u03bc\u03b5\u03c4\u03b1\u03b4\u03af\u03b4\u03bf\u03c5\u03bc\u03b5 \u03c4\u03b7\u03bd \u0397\u03c0\u03b5\u03b9\u03c1\u03ce\u03c4\u03b9\u03ba\u03b7 \u03c0\u03b1\u03c1\u03ac\u03b4\u03bf\u03c3\u03b7!<\/p>","protected":false},"author":25,"featured_media":15666,"parent":10849,"menu_order":1,"comment_status":"closed","ping_status":"closed","template":"","meta":{"inline_featured_image":false,"footnotes":""},"class_list":["post-9983","page","type-page","status-publish","has-post-thumbnail"],"yoast_head":"<title>\u0395\u03ba\u03bc\u03b1\u03b8\u03b7\u03c3\u03b7 \u03c0\u03b1\u03c1\u03b1\u03b4\u03bf\u03c3\u03b9\u03b1\u03ba\u03c9\u03bd \u03c7\u03bf\u03c1\u03c9\u03bd | \u03a3\u039f\u03a5\u039b\u0399<\/title>\n<meta name=\"description\" content=\"\u039f \u0397\u03c0\u03b5\u03b9\u03c1\u03c9\u03c4\u03b9\u03ba\u03cc\u03c2 \u03a3\u03cd\u03bb\u03bb\u03bf\u03b3\u03bf\u03c2 \u039c\u03bf\u03bd\u03ac\u03c7\u03bf\u03c5 &quot;\u03a4\u03bf \u03a3\u03bf\u03cd\u03bb\u03b9&quot; \u03c0\u03c1\u03bf\u03c3\u03c6\u03ad\u03c1\u03b5\u03b9 \u03ad\u03bd\u03b1 \u03bf\u03bb\u03bf\u03ba\u03bb\u03b7\u03c1\u03c9\u03bc\u03ad\u03bd\u03bf \u03c0\u03c1\u03cc\u03b3\u03c1\u03b1\u03bc\u03bc\u03b1 \u03b5\u03ba\u03bc\u03ac\u03b8\u03b7\u03c3\u03b7\u03c2 \u03c0\u03b1\u03c1\u03b1\u03b4\u03bf\u03c3\u03b9\u03b1\u03ba\u03ce\u03bd \u03c7\u03bf\u03c1\u03ce\u03bd, \u03bc\u03b5 \u03b9\u03b4\u03b9\u03b1\u03af\u03c4\u03b5\u03c1\u03b7 \u03ad\u03bc\u03c6\u03b1\u03c3\u03b7 \u03c3\u03c4\u03bf\u03c5\u03c2...\" \/>\n<meta name=\"robots\" content=\"index, follow, max-snippet:-1, max-image-preview:large, max-video-preview:-1\" \/>\n<link rel=\"canonical\" href=\"https:\/\/syllogos-souli.org\/de\/meli-tou-syllogou\/matmimata-ekmathisis-paradosiakon-choron\/\" \/>\n<meta property=\"og:locale\" content=\"de_DE\" \/>\n<meta property=\"og:type\" content=\"article\" \/>\n<meta property=\"og:title\" content=\"\u0395\u03ba\u03bc\u03b1\u03b8\u03b7\u03c3\u03b7 \u03c0\u03b1\u03c1\u03b1\u03b4\u03bf\u03c3\u03b9\u03b1\u03ba\u03c9\u03bd \u03c7\u03bf\u03c1\u03c9\u03bd | \u03a3\u039f\u03a5\u039b\u0399\" \/>\n<meta property=\"og:description\" content=\"\u039f \u0397\u03c0\u03b5\u03b9\u03c1\u03c9\u03c4\u03b9\u03ba\u03cc\u03c2 \u03a3\u03cd\u03bb\u03bb\u03bf\u03b3\u03bf\u03c2 \u039c\u03bf\u03bd\u03ac\u03c7\u03bf\u03c5 &quot;\u03a4\u03bf \u03a3\u03bf\u03cd\u03bb\u03b9&quot; \u03c0\u03c1\u03bf\u03c3\u03c6\u03ad\u03c1\u03b5\u03b9 \u03ad\u03bd\u03b1 \u03bf\u03bb\u03bf\u03ba\u03bb\u03b7\u03c1\u03c9\u03bc\u03ad\u03bd\u03bf \u03c0\u03c1\u03cc\u03b3\u03c1\u03b1\u03bc\u03bc\u03b1 \u03b5\u03ba\u03bc\u03ac\u03b8\u03b7\u03c3\u03b7\u03c2 \u03c0\u03b1\u03c1\u03b1\u03b4\u03bf\u03c3\u03b9\u03b1\u03ba\u03ce\u03bd \u03c7\u03bf\u03c1\u03ce\u03bd, \u03bc\u03b5 \u03b9\u03b4\u03b9\u03b1\u03af\u03c4\u03b5\u03c1\u03b7 \u03ad\u03bc\u03c6\u03b1\u03c3\u03b7 \u03c3\u03c4\u03bf\u03c5\u03c2...\" \/>\n<meta property=\"og:url\" content=\"https:\/\/syllogos-souli.org\/de\/meli-tou-syllogou\/matmimata-ekmathisis-paradosiakon-choron\/\" \/>\n<meta property=\"og:site_name\" content=\"\u03a3\u039f\u03a5\u039b\u0399\" \/>\n<meta property=\"article:publisher\" content=\"https:\/\/www.facebook.com\/syllogos.souli\" \/>\n<meta property=\"article:modified_time\" content=\"2025-04-01T00:07:52+00:00\" \/>\n<meta property=\"og:image\" content=\"https:\/\/syllogos-souli.org\/wp-content\/uploads\/2019\/11\/ssev-lavaro-bgr.jpg\" \/>\n\t<meta property=\"og:image:width\" content=\"1805\" \/>\n\t<meta property=\"og:image:height\" content=\"1000\" \/>\n\t<meta property=\"og:image:type\" content=\"image\/jpeg\" \/>\n<meta name=\"twitter:card\" content=\"summary_large_image\" \/>\n<meta name=\"twitter:label1\" content=\"Gesch\u00e4tzte Lesezeit\" \/>\n\t<meta name=\"twitter:data1\" content=\"4\u00a0Minuten\" \/>\n<script type=\"application\/ld+json\" class=\"yoast-schema-graph\">{\"@context\":\"https:\\\/\\\/schema.org\",\"@graph\":[{\"@type\":\"WebPage\",\"@id\":\"https:\\\/\\\/syllogos-souli.org\\\/meli-tou-syllogou\\\/matmimata-ekmathisis-paradosiakon-choron\\\/\",\"url\":\"https:\\\/\\\/syllogos-souli.org\\\/meli-tou-syllogou\\\/matmimata-ekmathisis-paradosiakon-choron\\\/\",\"name\":\"\u0395\u03ba\u03bc\u03b1\u03b8\u03b7\u03c3\u03b7 \u03c0\u03b1\u03c1\u03b1\u03b4\u03bf\u03c3\u03b9\u03b1\u03ba\u03c9\u03bd \u03c7\u03bf\u03c1\u03c9\u03bd | \u03a3\u039f\u03a5\u039b\u0399\",\"isPartOf\":{\"@id\":\"https:\\\/\\\/syllogos-souli.org\\\/#website\"},\"primaryImageOfPage\":{\"@id\":\"https:\\\/\\\/syllogos-souli.org\\\/meli-tou-syllogou\\\/matmimata-ekmathisis-paradosiakon-choron\\\/#primaryimage\"},\"image\":{\"@id\":\"https:\\\/\\\/syllogos-souli.org\\\/meli-tou-syllogou\\\/matmimata-ekmathisis-paradosiakon-choron\\\/#primaryimage\"},\"thumbnailUrl\":\"https:\\\/\\\/syllogos-souli.org\\\/wp-content\\\/uploads\\\/2024\\\/03\\\/gevs-xoreftiko-LK.jpg\",\"datePublished\":\"2020-02-17T17:20:53+00:00\",\"dateModified\":\"2025-04-01T00:07:52+00:00\",\"description\":\"\u039f \u0397\u03c0\u03b5\u03b9\u03c1\u03c9\u03c4\u03b9\u03ba\u03cc\u03c2 \u03a3\u03cd\u03bb\u03bb\u03bf\u03b3\u03bf\u03c2 \u039c\u03bf\u03bd\u03ac\u03c7\u03bf\u03c5 \\\"\u03a4\u03bf \u03a3\u03bf\u03cd\u03bb\u03b9\\\" \u03c0\u03c1\u03bf\u03c3\u03c6\u03ad\u03c1\u03b5\u03b9 \u03ad\u03bd\u03b1 \u03bf\u03bb\u03bf\u03ba\u03bb\u03b7\u03c1\u03c9\u03bc\u03ad\u03bd\u03bf \u03c0\u03c1\u03cc\u03b3\u03c1\u03b1\u03bc\u03bc\u03b1 \u03b5\u03ba\u03bc\u03ac\u03b8\u03b7\u03c3\u03b7\u03c2 \u03c0\u03b1\u03c1\u03b1\u03b4\u03bf\u03c3\u03b9\u03b1\u03ba\u03ce\u03bd \u03c7\u03bf\u03c1\u03ce\u03bd, \u03bc\u03b5 \u03b9\u03b4\u03b9\u03b1\u03af\u03c4\u03b5\u03c1\u03b7 \u03ad\u03bc\u03c6\u03b1\u03c3\u03b7 \u03c3\u03c4\u03bf\u03c5\u03c2...\",\"breadcrumb\":{\"@id\":\"https:\\\/\\\/syllogos-souli.org\\\/meli-tou-syllogou\\\/matmimata-ekmathisis-paradosiakon-choron\\\/#breadcrumb\"},\"inLanguage\":\"de\",\"potentialAction\":[{\"@type\":\"ReadAction\",\"target\":[\"https:\\\/\\\/syllogos-souli.org\\\/meli-tou-syllogou\\\/matmimata-ekmathisis-paradosiakon-choron\\\/\"]}]},{\"@type\":\"ImageObject\",\"inLanguage\":\"de\",\"@id\":\"https:\\\/\\\/syllogos-souli.org\\\/meli-tou-syllogou\\\/matmimata-ekmathisis-paradosiakon-choron\\\/#primaryimage\",\"url\":\"https:\\\/\\\/syllogos-souli.org\\\/wp-content\\\/uploads\\\/2024\\\/03\\\/gevs-xoreftiko-LK.jpg\",\"contentUrl\":\"https:\\\/\\\/syllogos-souli.org\\\/wp-content\\\/uploads\\\/2024\\\/03\\\/gevs-xoreftiko-LK.jpg\",\"width\":1620,\"height\":614,\"caption\":\"\u03c4\u03bc\u03ae\u03bc\u03b1\u03c4\u03b1 \u03b5\u03ba\u03bc\u03ac\u03b8\u03b7\u03c3\u03b7\u03c2 \u03c0\u03b1\u03c1\u03b1\u03b4\u03bf\u03c3\u03b9\u03b1\u03ba\u03ce\u03bd \u03c7\u03bf\u03c1\u03ce\u03bd\"},{\"@type\":\"BreadcrumbList\",\"@id\":\"https:\\\/\\\/syllogos-souli.org\\\/meli-tou-syllogou\\\/matmimata-ekmathisis-paradosiakon-choron\\\/#breadcrumb\",\"itemListElement\":[{\"@type\":\"ListItem\",\"position\":1,\"name\":\"\u039c\u0395\u039b\u0397 \u03a4\u039f\u03a5 \u03a3\u03a5\u039b\u039b\u039f\u0393\u039f\u03a5\",\"item\":\"https:\\\/\\\/syllogos-souli.org\\\/meli-tou-syllogou\\\/\"},{\"@type\":\"ListItem\",\"position\":2,\"name\":\"\u0395\u03ba\u03bc\u03b1\u03b8\u03b7\u03c3\u03b7 \u03c0\u03b1\u03c1\u03b1\u03b4\u03bf\u03c3\u03b9\u03b1\u03ba\u03c9\u03bd \u03c7\u03bf\u03c1\u03c9\u03bd\"}]},{\"@type\":\"WebSite\",\"@id\":\"https:\\\/\\\/syllogos-souli.org\\\/#website\",\"url\":\"https:\\\/\\\/syllogos-souli.org\\\/\",\"name\":\"\u03a3\u039f\u03a5\u039b\u0399\",\"description\":\"\u0397\u03c0\u03b5\u03b9\u03c1\u03ce\u03c4\u03b9\u03ba\u03bf\u03c2 \u03a3\u03cd\u03bb\u03bb\u03bf\u03b3\u03bf\u03c2 \u039c\u03bf\u03bd\u03ac\u03c7\u03bf\u03c5\",\"publisher\":{\"@id\":\"https:\\\/\\\/syllogos-souli.org\\\/#organization\"},\"alternateName\":\"\u0397\u03c0\u03b5\u03b9\u03c1\u03c9\u03c4\u03b9\u03ba\u03cc\u03c2 \u03a3\u03cd\u03bb\u03bb\u03bf\u03b3\u03bf\u03c2 \u039c\u03bf\u03bd\u03ac\u03c7\u03bf\u03c5 \u03a3\u039f\u03a5\u039b\u0399\",\"potentialAction\":[{\"@type\":\"SearchAction\",\"target\":{\"@type\":\"EntryPoint\",\"urlTemplate\":\"https:\\\/\\\/syllogos-souli.org\\\/?s={search_term_string}\"},\"query-input\":{\"@type\":\"PropertyValueSpecification\",\"valueRequired\":true,\"valueName\":\"search_term_string\"}}],\"inLanguage\":\"de\"},{\"@type\":\"Organization\",\"@id\":\"https:\\\/\\\/syllogos-souli.org\\\/#organization\",\"name\":\"\u0397\u03c0\u03b5\u03b9\u03c1\u03ce\u03c4\u03b9\u03ba\u03bf\u03c2 \u03a3\u03cd\u03bb\u03bb\u03bf\u03b3\u03bf\u03c2 \u039c\u03bf\u03bd\u03ac\u03c7\u03bf\u03c5 \u03a3\u039f\u03a5\u039b\u0399\",\"url\":\"https:\\\/\\\/syllogos-souli.org\\\/\",\"logo\":{\"@type\":\"ImageObject\",\"inLanguage\":\"de\",\"@id\":\"https:\\\/\\\/syllogos-souli.org\\\/#\\\/schema\\\/logo\\\/image\\\/\",\"url\":\"https:\\\/\\\/syllogos-souli.org\\\/wp-content\\\/uploads\\\/2022\\\/11\\\/gevs-logo-brow.svg\",\"contentUrl\":\"https:\\\/\\\/syllogos-souli.org\\\/wp-content\\\/uploads\\\/2022\\\/11\\\/gevs-logo-brow.svg\",\"caption\":\"\u0397\u03c0\u03b5\u03b9\u03c1\u03ce\u03c4\u03b9\u03ba\u03bf\u03c2 \u03a3\u03cd\u03bb\u03bb\u03bf\u03b3\u03bf\u03c2 \u039c\u03bf\u03bd\u03ac\u03c7\u03bf\u03c5 \u03a3\u039f\u03a5\u039b\u0399\"},\"image\":{\"@id\":\"https:\\\/\\\/syllogos-souli.org\\\/#\\\/schema\\\/logo\\\/image\\\/\"},\"sameAs\":[\"https:\\\/\\\/www.facebook.com\\\/syllogos.souli\"]}]}<\/script>","yoast_head_json":{"title":"\u0395\u03ba\u03bc\u03b1\u03b8\u03b7\u03c3\u03b7 \u03c0\u03b1\u03c1\u03b1\u03b4\u03bf\u03c3\u03b9\u03b1\u03ba\u03c9\u03bd \u03c7\u03bf\u03c1\u03c9\u03bd | \u03a3\u039f\u03a5\u039b\u0399","description":"\u039f \u0397\u03c0\u03b5\u03b9\u03c1\u03c9\u03c4\u03b9\u03ba\u03cc\u03c2 \u03a3\u03cd\u03bb\u03bb\u03bf\u03b3\u03bf\u03c2 \u039c\u03bf\u03bd\u03ac\u03c7\u03bf\u03c5 \"\u03a4\u03bf \u03a3\u03bf\u03cd\u03bb\u03b9\" \u03c0\u03c1\u03bf\u03c3\u03c6\u03ad\u03c1\u03b5\u03b9 \u03ad\u03bd\u03b1 \u03bf\u03bb\u03bf\u03ba\u03bb\u03b7\u03c1\u03c9\u03bc\u03ad\u03bd\u03bf \u03c0\u03c1\u03cc\u03b3\u03c1\u03b1\u03bc\u03bc\u03b1 \u03b5\u03ba\u03bc\u03ac\u03b8\u03b7\u03c3\u03b7\u03c2 \u03c0\u03b1\u03c1\u03b1\u03b4\u03bf\u03c3\u03b9\u03b1\u03ba\u03ce\u03bd \u03c7\u03bf\u03c1\u03ce\u03bd, \u03bc\u03b5 \u03b9\u03b4\u03b9\u03b1\u03af\u03c4\u03b5\u03c1\u03b7 \u03ad\u03bc\u03c6\u03b1\u03c3\u03b7 \u03c3\u03c4\u03bf\u03c5\u03c2...","robots":{"index":"index","follow":"follow","max-snippet":"max-snippet:-1","max-image-preview":"max-image-preview:large","max-video-preview":"max-video-preview:-1"},"canonical":"https:\/\/syllogos-souli.org\/de\/meli-tou-syllogou\/matmimata-ekmathisis-paradosiakon-choron\/","og_locale":"de_DE","og_type":"article","og_title":"\u0395\u03ba\u03bc\u03b1\u03b8\u03b7\u03c3\u03b7 \u03c0\u03b1\u03c1\u03b1\u03b4\u03bf\u03c3\u03b9\u03b1\u03ba\u03c9\u03bd \u03c7\u03bf\u03c1\u03c9\u03bd | \u03a3\u039f\u03a5\u039b\u0399","og_description":"\u039f \u0397\u03c0\u03b5\u03b9\u03c1\u03c9\u03c4\u03b9\u03ba\u03cc\u03c2 \u03a3\u03cd\u03bb\u03bb\u03bf\u03b3\u03bf\u03c2 \u039c\u03bf\u03bd\u03ac\u03c7\u03bf\u03c5 \"\u03a4\u03bf \u03a3\u03bf\u03cd\u03bb\u03b9\" \u03c0\u03c1\u03bf\u03c3\u03c6\u03ad\u03c1\u03b5\u03b9 \u03ad\u03bd\u03b1 \u03bf\u03bb\u03bf\u03ba\u03bb\u03b7\u03c1\u03c9\u03bc\u03ad\u03bd\u03bf \u03c0\u03c1\u03cc\u03b3\u03c1\u03b1\u03bc\u03bc\u03b1 \u03b5\u03ba\u03bc\u03ac\u03b8\u03b7\u03c3\u03b7\u03c2 \u03c0\u03b1\u03c1\u03b1\u03b4\u03bf\u03c3\u03b9\u03b1\u03ba\u03ce\u03bd \u03c7\u03bf\u03c1\u03ce\u03bd, \u03bc\u03b5 \u03b9\u03b4\u03b9\u03b1\u03af\u03c4\u03b5\u03c1\u03b7 \u03ad\u03bc\u03c6\u03b1\u03c3\u03b7 \u03c3\u03c4\u03bf\u03c5\u03c2...","og_url":"https:\/\/syllogos-souli.org\/de\/meli-tou-syllogou\/matmimata-ekmathisis-paradosiakon-choron\/","og_site_name":"\u03a3\u039f\u03a5\u039b\u0399","article_publisher":"https:\/\/www.facebook.com\/syllogos.souli","article_modified_time":"2025-04-01T00:07:52+00:00","og_image":[{"width":1805,"height":1000,"url":"https:\/\/syllogos-souli.org\/wp-content\/uploads\/2019\/11\/ssev-lavaro-bgr.jpg","type":"image\/jpeg"}],"twitter_card":"summary_large_image","twitter_misc":{"Gesch\u00e4tzte Lesezeit":"4\u00a0Minuten"},"schema":{"@context":"https:\/\/schema.org","@graph":[{"@type":"WebPage","@id":"https:\/\/syllogos-souli.org\/meli-tou-syllogou\/matmimata-ekmathisis-paradosiakon-choron\/","url":"https:\/\/syllogos-souli.org\/meli-tou-syllogou\/matmimata-ekmathisis-paradosiakon-choron\/","name":"\u0395\u03ba\u03bc\u03b1\u03b8\u03b7\u03c3\u03b7 \u03c0\u03b1\u03c1\u03b1\u03b4\u03bf\u03c3\u03b9\u03b1\u03ba\u03c9\u03bd \u03c7\u03bf\u03c1\u03c9\u03bd | \u03a3\u039f\u03a5\u039b\u0399","isPartOf":{"@id":"https:\/\/syllogos-souli.org\/#website"},"primaryImageOfPage":{"@id":"https:\/\/syllogos-souli.org\/meli-tou-syllogou\/matmimata-ekmathisis-paradosiakon-choron\/#primaryimage"},"image":{"@id":"https:\/\/syllogos-souli.org\/meli-tou-syllogou\/matmimata-ekmathisis-paradosiakon-choron\/#primaryimage"},"thumbnailUrl":"https:\/\/syllogos-souli.org\/wp-content\/uploads\/2024\/03\/gevs-xoreftiko-LK.jpg","datePublished":"2020-02-17T17:20:53+00:00","dateModified":"2025-04-01T00:07:52+00:00","description":"\u039f \u0397\u03c0\u03b5\u03b9\u03c1\u03c9\u03c4\u03b9\u03ba\u03cc\u03c2 \u03a3\u03cd\u03bb\u03bb\u03bf\u03b3\u03bf\u03c2 \u039c\u03bf\u03bd\u03ac\u03c7\u03bf\u03c5 \"\u03a4\u03bf \u03a3\u03bf\u03cd\u03bb\u03b9\" \u03c0\u03c1\u03bf\u03c3\u03c6\u03ad\u03c1\u03b5\u03b9 \u03ad\u03bd\u03b1 \u03bf\u03bb\u03bf\u03ba\u03bb\u03b7\u03c1\u03c9\u03bc\u03ad\u03bd\u03bf \u03c0\u03c1\u03cc\u03b3\u03c1\u03b1\u03bc\u03bc\u03b1 \u03b5\u03ba\u03bc\u03ac\u03b8\u03b7\u03c3\u03b7\u03c2 \u03c0\u03b1\u03c1\u03b1\u03b4\u03bf\u03c3\u03b9\u03b1\u03ba\u03ce\u03bd \u03c7\u03bf\u03c1\u03ce\u03bd, \u03bc\u03b5 \u03b9\u03b4\u03b9\u03b1\u03af\u03c4\u03b5\u03c1\u03b7 \u03ad\u03bc\u03c6\u03b1\u03c3\u03b7 \u03c3\u03c4\u03bf\u03c5\u03c2...","breadcrumb":{"@id":"https:\/\/syllogos-souli.org\/meli-tou-syllogou\/matmimata-ekmathisis-paradosiakon-choron\/#breadcrumb"},"inLanguage":"de","potentialAction":[{"@type":"ReadAction","target":["https:\/\/syllogos-souli.org\/meli-tou-syllogou\/matmimata-ekmathisis-paradosiakon-choron\/"]}]},{"@type":"ImageObject","inLanguage":"de","@id":"https:\/\/syllogos-souli.org\/meli-tou-syllogou\/matmimata-ekmathisis-paradosiakon-choron\/#primaryimage","url":"https:\/\/syllogos-souli.org\/wp-content\/uploads\/2024\/03\/gevs-xoreftiko-LK.jpg","contentUrl":"https:\/\/syllogos-souli.org\/wp-content\/uploads\/2024\/03\/gevs-xoreftiko-LK.jpg","width":1620,"height":614,"caption":"\u03c4\u03bc\u03ae\u03bc\u03b1\u03c4\u03b1 \u03b5\u03ba\u03bc\u03ac\u03b8\u03b7\u03c3\u03b7\u03c2 \u03c0\u03b1\u03c1\u03b1\u03b4\u03bf\u03c3\u03b9\u03b1\u03ba\u03ce\u03bd \u03c7\u03bf\u03c1\u03ce\u03bd"},{"@type":"BreadcrumbList","@id":"https:\/\/syllogos-souli.org\/meli-tou-syllogou\/matmimata-ekmathisis-paradosiakon-choron\/#breadcrumb","itemListElement":[{"@type":"ListItem","position":1,"name":"\u039c\u0395\u039b\u0397 \u03a4\u039f\u03a5 \u03a3\u03a5\u039b\u039b\u039f\u0393\u039f\u03a5","item":"https:\/\/syllogos-souli.org\/meli-tou-syllogou\/"},{"@type":"ListItem","position":2,"name":"\u0395\u03ba\u03bc\u03b1\u03b8\u03b7\u03c3\u03b7 \u03c0\u03b1\u03c1\u03b1\u03b4\u03bf\u03c3\u03b9\u03b1\u03ba\u03c9\u03bd \u03c7\u03bf\u03c1\u03c9\u03bd"}]},{"@type":"WebSite","@id":"https:\/\/syllogos-souli.org\/#website","url":"https:\/\/syllogos-souli.org\/","name":"SOULI","description":"\u0397\u03c0\u03b5\u03b9\u03c1\u03ce\u03c4\u03b9\u03ba\u03bf\u03c2 \u03a3\u03cd\u03bb\u03bb\u03bf\u03b3\u03bf\u03c2 \u039c\u03bf\u03bd\u03ac\u03c7\u03bf\u03c5","publisher":{"@id":"https:\/\/syllogos-souli.org\/#organization"},"alternateName":"\u0397\u03c0\u03b5\u03b9\u03c1\u03c9\u03c4\u03b9\u03ba\u03cc\u03c2 \u03a3\u03cd\u03bb\u03bb\u03bf\u03b3\u03bf\u03c2 \u039c\u03bf\u03bd\u03ac\u03c7\u03bf\u03c5 \u03a3\u039f\u03a5\u039b\u0399","potentialAction":[{"@type":"SearchAction","target":{"@type":"EntryPoint","urlTemplate":"https:\/\/syllogos-souli.org\/?s={search_term_string}"},"query-input":{"@type":"PropertyValueSpecification","valueRequired":true,"valueName":"search_term_string"}}],"inLanguage":"de"},{"@type":"Organization","@id":"https:\/\/syllogos-souli.org\/#organization","name":"\u0397\u03c0\u03b5\u03b9\u03c1\u03ce\u03c4\u03b9\u03ba\u03bf\u03c2 \u03a3\u03cd\u03bb\u03bb\u03bf\u03b3\u03bf\u03c2 \u039c\u03bf\u03bd\u03ac\u03c7\u03bf\u03c5 \u03a3\u039f\u03a5\u039b\u0399","url":"https:\/\/syllogos-souli.org\/","logo":{"@type":"ImageObject","inLanguage":"de","@id":"https:\/\/syllogos-souli.org\/#\/schema\/logo\/image\/","url":"https:\/\/syllogos-souli.org\/wp-content\/uploads\/2022\/11\/gevs-logo-brow.svg","contentUrl":"https:\/\/syllogos-souli.org\/wp-content\/uploads\/2022\/11\/gevs-logo-brow.svg","caption":"\u0397\u03c0\u03b5\u03b9\u03c1\u03ce\u03c4\u03b9\u03ba\u03bf\u03c2 \u03a3\u03cd\u03bb\u03bb\u03bf\u03b3\u03bf\u03c2 \u039c\u03bf\u03bd\u03ac\u03c7\u03bf\u03c5 \u03a3\u039f\u03a5\u039b\u0399"},"image":{"@id":"https:\/\/syllogos-souli.org\/#\/schema\/logo\/image\/"},"sameAs":["https:\/\/www.facebook.com\/syllogos.souli"]}]}},"_links":{"self":[{"href":"https:\/\/syllogos-souli.org\/de\/wp-json\/wp\/v2\/pages\/9983","targetHints":{"allow":["GET"]}}],"collection":[{"href":"https:\/\/syllogos-souli.org\/de\/wp-json\/wp\/v2\/pages"}],"about":[{"href":"https:\/\/syllogos-souli.org\/de\/wp-json\/wp\/v2\/types\/page"}],"author":[{"embeddable":true,"href":"https:\/\/syllogos-souli.org\/de\/wp-json\/wp\/v2\/users\/25"}],"replies":[{"embeddable":true,"href":"https:\/\/syllogos-souli.org\/de\/wp-json\/wp\/v2\/comments?post=9983"}],"version-history":[{"count":0,"href":"https:\/\/syllogos-souli.org\/de\/wp-json\/wp\/v2\/pages\/9983\/revisions"}],"up":[{"embeddable":true,"href":"https:\/\/syllogos-souli.org\/de\/wp-json\/wp\/v2\/pages\/10849"}],"wp:featuredmedia":[{"embeddable":true,"href":"https:\/\/syllogos-souli.org\/de\/wp-json\/wp\/v2\/media\/15666"}],"wp:attachment":[{"href":"https:\/\/syllogos-souli.org\/de\/wp-json\/wp\/v2\/media?parent=9983"}],"curies":[{"name":"wp","href":"https:\/\/api.w.org\/{rel}","templated":true}]}}